{"id":4824,"date":"2026-02-27T15:36:33","date_gmt":"2026-02-27T14:36:33","guid":{"rendered":"https:\/\/iccal.lat\/?page_id=4824"},"modified":"2026-02-27T16:56:02","modified_gmt":"2026-02-27T15:56:02","slug":"voices-on-venezuela","status":"publish","type":"page","link":"https:\/\/iccal.lat\/en\/voices-on-venezuela\/","title":{"rendered":"Voices on Venezuela"},"content":{"rendered":"<!--blockstudio\/blockstudio\/banner--><div id=\"px-banner-blockstudio-d6d28bafefd1\" class=\"px-banner bannerMedia-image   \">\n    <div class=\"px-banner-inner\">\n\n\t\n\n\t<div class=\"text\">\n\t\t<div class=\"text-inner\">\n             <div class=\"text\">\n\n<h1 class=\"wp-block-heading\">Voices on Venezuela<\/h1>\n\n\n\n<p>Space dedicated to the publication of opinions, reflections, and comments on recent events in Venezuela.<\/p>\n\n<\/div>\n\t\t<\/div>\n\t<\/div>\n    \n    <\/div>\n        <\/div>\n\n\n<script type=\"text\/javascript\" class=\"banner-video-script\">\nfunction activateVideo(video, uid) {\n    var el = document.getElementById('vid-' + video + '-uid' + uid);\n    el.innerHTML = '<div class=\"video\"><iframe src=\"https:\/\/www.youtube-nocookie.com\/embed\/' + video +\n        '?rel=0&#038;autoplay=0&#038;showinfo=0&#038;cc_load_policy=1&#038;wmode=transparent\" allowfullscreen>';\n}\n\nfunction activateVimeoVideo(video, uid) {\n    var el = document.getElementById('vid-vimeo-' + video + '-uid' + uid);\n    el.innerHTML = '<div class=\"video\"><iframe loading=\"lazy\" src=\"https:\/\/player.vimeo.com\/video\/' + video +\n        '?dnt=1\" width=\"1000\" height=\"750\" frameborder=\"0\" allow=\"autoplay; fullscreen; picture-in-picture; clipboard-write; encrypted-media; web-share\" referrerpolicy=\"strict-origin-when-cross-origin\" allowfullscreen>';\n}\n<\/script>\n\n\n\n<!--blockstudio\/blockstudio\/frame-layout--><div id=\"fl-blockstudio-9612d5d13b85\" class=\"fl px-frame-layout dekoposition_right  changeColorLightDekoelement activateBorderRadius \" data-frame=\"dekobox\" data-layout=\"layout-full-reduced\" data-margin-before=\"default\" data-margin-after=\"default\" >\n    <div class=\"inner\">\n        <div >\n\n<h2 class=\"wp-block-heading\">First contributions<\/h2>\n\n\n\n<ul class=\"wp-block-list\">\n<li class=\"has-medium-font-size\"><strong>Ligia Bol\u00edvar (Venezuela)<\/strong> <a href=\"https:\/\/www.lasillavacia.com\/red-de-expertos\/red-de-venezuela\/una-transicion-tutelada-por-una-potencia-extranjera-no-conduce-a-democracia\/\" type=\"link\" id=\"https:\/\/www.lasillavacia.com\/red-de-expertos\/red-de-venezuela\/una-transicion-tutelada-por-una-potencia-extranjera-no-conduce-a-democracia\/\" target=\"_blank\" rel=\"noreferrer noopener\">\u201cUna transici\u00f3n tutelada por una potencia extranjera no conduce a democracia\u201d<\/a><\/li>\n\n\n\n<li class=\"has-medium-font-size\"><strong>Nahuel Maisley (Argentina) <\/strong><a href=\"https:\/\/letraslibres.com\/politica\/maisley-derrota-derecho-internacional-venezuela\/\" type=\"link\" id=\"https:\/\/letraslibres.com\/politica\/maisley-derrota-derecho-internacional-venezuela\/\" target=\"_blank\" rel=\"noreferrer noopener\">\u201cLa derrota del derecho internacional en Venezuela\u201d<\/a><\/li>\n\n\n\n<li class=\"has-medium-font-size\"><strong>Jos\u00e9 Juan Moreso (Espa\u00f1a)<\/strong> <a href=\"https:\/\/eljuegodelacorte.nexos.com.mx\/fin-de-partida-un-mundo-sin-derecho\/\" type=\"link\" id=\"https:\/\/eljuegodelacorte.nexos.com.mx\/fin-de-partida-un-mundo-sin-derecho\/\" target=\"_blank\" rel=\"noreferrer noopener\">\u201cFin de partida: un mundo sin derecho\u201d<\/a><\/li>\n\n\n\n<li class=\"has-medium-font-size\"><strong>Wilfredo Robayo Galvis (Colombia)<\/strong><a href=\"https:\/\/www.ambitojuridico.com\/noticias\/derecho-publico\/analisis-el-estado-frente-al-gobierno-por-que-la-crisis-de-venezuela-no\" type=\"link\" id=\"https:\/\/www.ambitojuridico.com\/noticias\/derecho-publico\/analisis-el-estado-frente-al-gobierno-por-que-la-crisis-de-venezuela-no\"> \u201cAN\u00c1LISIS: El Estado frente al gobierno: \u00bfpor qu\u00e9 la crisis de Venezuela no suspende el derecho internacional?\u201d<\/a><\/li>\n\n\n\n<li class=\"has-medium-font-size\"><strong>Rodrigo Uprimny (Colombia)<\/strong> <a href=\"https:\/\/www.lasillavacia.com\/opinion\/la-necesidad-del-derecho-internacional-respuesta-a-ciertas-criticas\/\" type=\"link\" id=\"https:\/\/www.lasillavacia.com\/opinion\/la-necesidad-del-derecho-internacional-respuesta-a-ciertas-criticas\/\">\u201cLa necesidad del derecho internacional: respuesta a ciertas cr\u00edticas\u201d<\/a><\/li>\n\n\n\n<li class=\"has-medium-font-size\"><strong>Alejandro Velasco (Venezuela \/ Estados Unidos)<\/strong> \u201cMaduro is gone, but his regime is intact. What happened behind the scenes?\u201d<\/li>\n<\/ul>\n\n\n\n<h2 class=\"wp-block-heading\">Institutional texts<\/h2>\n\n\n\n<ul class=\"wp-block-list\">\n<li class=\"has-medium-font-size\"><strong>International Commission of Jurists (Suiza)<\/strong> \u201cUnited States \u2013 Venezuela: Territorial sovereignty, the rule of law and human rights must be guaranteed and respected\u201d<\/li>\n\n\n\n<li class=\"has-medium-font-size\"><strong>Comisi\u00f3n Interamericana de Derechos Humanos (CIDH) (Sistema Interamericano)<\/strong> \u201cLa CIDH expresa preocupaci\u00f3n por incursi\u00f3n armada en Venezuela, llama al respeto del derecho internacional y al cese a la represi\u00f3n\u201d<\/li>\n\n\n\n<li class=\"has-medium-font-size\"><strong>Asociaci\u00f3n Espa\u00f1ola de Profesores de Derecho Internacional y Relaciones Internacionales (Espa\u00f1a)<\/strong> \u201cDeclaraci\u00f3n sobre la intervenci\u00f3n de Estados Unidos contra Venezuela\u201d<\/li>\n\n\n\n<li class=\"has-medium-font-size\"><strong>United Nations News (Naciones Unidas)<\/strong> \u201cINTERIM REPORT: UN Panel of Experts \u2013 Venezuelan Presidential Elections 28 July 2024\u201d<\/li>\n<\/ul>\n\n<\/div>\n    <\/div>\n<\/div>\n\n\n<!--blockstudio\/blockstudio\/frame-layout--><div id=\"fl-blockstudio-fbcfff88c15a\" class=\"fl px-frame-layout dekoposition_right  changeColorLightDekoelement activateBorderRadius \" data-frame=\"dekobox\" data-layout=\"layout-full-reduced\" data-margin-before=\"default\" data-margin-after=\"default\" >\n    <div class=\"inner\">\n        <div >\n\n<h2 class=\"wp-block-heading\">Recent contributions<\/h2>\n\n\n\n<ul class=\"wp-block-list\">\n<li class=\"has-medium-font-size\"><strong>Carlos Blanco<\/strong> (Venezuela) <a href=\"https:\/\/elpais.com\/america\/2025-11-16\/carlos-blanco-el-cambio-en-venezuela-es-inevitable-como-la-caida-del-muro-de-berlin.html\" type=\"link\" id=\"https:\/\/elpais.com\/america\/2025-11-16\/carlos-blanco-el-cambio-en-venezuela-es-inevitable-como-la-caida-del-muro-de-berlin.html\" target=\"_blank\" rel=\"noreferrer noopener\">\u201cEl cambio en Venezuela es inevitable como la ca\u00edda del Muro de Berl\u00edn\u201d<\/a><\/li>\n\n\n\n<li class=\"has-medium-font-size\"><strong>Victoria Capriles<\/strong> (Venezuela) <a href=\"https:\/\/www.justpeacethehague.org\/en\/event\/venezuela-voices-from-the-ground\" type=\"link\" id=\"https:\/\/www.justpeacethehague.org\/en\/event\/venezuela-voices-from-the-ground\" target=\"_blank\" rel=\"noreferrer noopener\">\u201cVenezuela: Voices from the Ground\u201d<\/a><\/li>\n\n\n\n<li class=\"has-medium-font-size\"><strong>Jes\u00fas Mar\u00eda Casal (Venezuela)<\/strong> <a href=\"https:\/\/agendaestadodederecho.com\/estabilizacion-y-cambio-en-venezuela\/\" type=\"link\" id=\"https:\/\/agendaestadodederecho.com\/estabilizacion-y-cambio-en-venezuela\/\">\u201cEstabilizaci\u00f3n y cambio en Venezuela\u201d<\/a><\/li>\n\n\n\n<li class=\"has-medium-font-size\"><strong>Tom\u00e1s Alberto Chang Pico<\/strong> (Venezuela) <a href=\"https:\/\/www.justpeacethehague.org\/en\/event\/venezuela-voices-from-the-ground\" type=\"link\" id=\"https:\/\/www.justpeacethehague.org\/en\/event\/venezuela-voices-from-the-ground\" target=\"_blank\" rel=\"noreferrer noopener\">\u201cVenezuela: Voices from the Ground\u201d<\/a><\/li>\n\n\n\n<li class=\"has-medium-font-size\"><strong>Julio Henriquez <\/strong>(Venezuela) <a href=\"https:\/\/www.bu.edu\/las\/2026\/01\/17\/venezuela-roundtable\/\" type=\"link\" id=\"https:\/\/www.bu.edu\/las\/2026\/01\/17\/venezuela-roundtable\/\">\u201cVenezuela Roundtable\u201d<\/a><\/li>\n\n\n\n<li class=\"has-medium-font-size\"><strong>Gonzalo Himiob<\/strong> (Venezuela) <a href=\"https:\/\/foropenal.com\/foro-penal-sobre-excarcelaciones-de-presos-politicos-1-1-2026\/\" type=\"link\" id=\"https:\/\/foropenal.com\/foro-penal-sobre-excarcelaciones-de-presos-politicos-1-1-2026\/\" target=\"_blank\" rel=\"noreferrer noopener\">\u201cForo Penal sobre excarcelaciones de presos pol\u00edticos (1-1-2026)\u201d<\/a><\/li>\n\n\n\n<li class=\"has-medium-font-size\"><strong>Margarita L\u00f3pez Maya<\/strong> (Venezuela)<a href=\"https:\/\/elpais.com\/opinion\/2026-01-06\/venezuela-2026-cual-transicion.html\" type=\"link\" id=\"https:\/\/elpais.com\/opinion\/2026-01-06\/venezuela-2026-cual-transicion.html\" target=\"_blank\" rel=\"noreferrer noopener\"> \u201cVenezuela 2026: \u00bfCu\u00e1l transici\u00f3n?\u201d<\/a><\/li>\n\n\n\n<li class=\"has-medium-font-size\"><strong>Thairi Moya S\u00e1nchez<\/strong> (Venezuela \/ Espa\u00f1a) <a href=\"https:\/\/agendaestadodederecho.com\/ver-tu-pais-bombardeado-cuando-el-derecho-internacional-deja-de-ser-una-promesa-y-se-vuelve-una-urgencia\/\" type=\"link\" id=\"https:\/\/agendaestadodederecho.com\/ver-tu-pais-bombardeado-cuando-el-derecho-internacional-deja-de-ser-una-promesa-y-se-vuelve-una-urgencia\/\">\u201cVer tu pa\u00eds bombardeado: cuando el Derecho Internacional deja de ser una promesa y se vuelve una urgencia\u201d<\/a><\/li>\n\n\n\n<li class=\"has-medium-font-size\"><strong>Mois\u00e9s Na\u00edm <\/strong>(Venezuela) <a href=\"https:\/\/arishapiro.substack.com\/p\/the-venezuela-expert-i-most-wanted\" type=\"link\" id=\"https:\/\/arishapiro.substack.com\/p\/the-venezuela-expert-i-most-wanted\" target=\"_blank\" rel=\"noreferrer noopener\">\u201cThe Venezuela Expert I Most Wanted\u201d<\/a><\/li>\n\n\n\n<li class=\"has-medium-font-size\"><strong>Mar\u00eda Isabel Puerta Riera<\/strong> (Venezuela) <a href=\"https:\/\/www.justpeacethehague.org\/en\/event\/venezuela-voices-from-the-ground\" type=\"link\" id=\"https:\/\/www.justpeacethehague.org\/en\/event\/venezuela-voices-from-the-ground\" target=\"_blank\" rel=\"noreferrer noopener\">\u201cVenezuela: Voices from the Ground\u201d<\/a><\/li>\n\n\n\n<li class=\"has-medium-font-size\"><strong>Alfredo Romero <\/strong>(Venezuela)<a href=\"https:\/\/foropenal.com\/alfredo-romero-liberar-a-116-presos-representa-solo-el-10-de-los-presos-politicos-en-venezuela\/\" type=\"link\" id=\"https:\/\/foropenal.com\/alfredo-romero-liberar-a-116-presos-representa-solo-el-10-de-los-presos-politicos-en-venezuela\/\"> \u201cLiberar a 116 presos representa solo el 10 % de los presos pol\u00edticos en Venezuela\u201d<\/a><\/li>\n\n\n\n<li class=\"has-medium-font-size\"><strong>Efr\u00e9n Ismael Sifontes Torres<\/strong> (Argentina\/Venezuela) <a href=\"https:\/\/opiniojuris.org\/2026\/02\/02\/venezuela-in-the-prospect-of-a-democratic-transition-the-light-the-shadow-and-the-role-of-the-international-community\/\" type=\"link\" id=\"https:\/\/opiniojuris.org\/2026\/02\/02\/venezuela-in-the-prospect-of-a-democratic-transition-the-light-the-shadow-and-the-role-of-the-international-community\/\">\u201cVenezuela in the Prospect of a Democratic Transition: The Light, the Shadow and the Role of the International Community\u201d<\/a><\/li>\n\n\n\n<li class=\"has-medium-font-size\"><strong>Rodrigo Uprimny <\/strong>(Colombia) <a href=\"https:\/\/www.lasillavacia.com\/opinion\/el-regimen-de-maduro-el-derecho-internacional-y-la-intervencion-de-trump\/\" type=\"link\" id=\"https:\/\/www.lasillavacia.com\/opinion\/el-regimen-de-maduro-el-derecho-internacional-y-la-intervencion-de-trump\/\">\u201cEl r\u00e9gimen de Maduro, el derecho internacional y la intervenci\u00f3n de Trump\u201d<\/a><\/li>\n\n\n\n<li class=\"has-medium-font-size\"><strong>Ver\u00f3nica Zubillaga<\/strong> (Venezuela) <a href=\"https:\/\/www.bu.edu\/las\/2026\/01\/17\/venezuela-roundtable\/\" type=\"link\" id=\"https:\/\/www.bu.edu\/las\/2026\/01\/17\/venezuela-roundtable\/\">\u201cVenezuela Roundtable\u201d<\/a><\/li>\n<\/ul>\n\n<\/div>\n    <\/div>\n<\/div>\n\n\n<!--blockstudio\/blockstudio\/frame-layout--><div id=\"fl-blockstudio-6a95e88cb65e\" class=\"fl px-frame-layout dekoposition_right  changeColorLightDekoelement activateBorderRadius \" data-frame=\"dekobox\" data-layout=\"layout-full-reduced\" data-margin-before=\"default\" data-margin-after=\"default\" >\n    <div class=\"inner\">\n        <div >\n\n<h2 class=\"wp-block-heading\">Agenda p\u00fablica<\/h2>\n\n\n\n<ul class=\"wp-block-list\">\n<li class=\"has-medium-font-size\"><strong>Agenda P\u00fablica (Espa\u00f1a)<\/strong> \u201cEstas son diez opiniones que debes leer sobre Venezuela\u201d<\/li>\n\n\n\n<li class=\"has-medium-font-size\"><strong>Agenda P\u00fablica (Espa\u00f1a)<\/strong> \u201cEspa\u00f1a y las sanciones: diplomacia gradualista para el \u00e9xito de la transici\u00f3n en Venezuela\u201d<\/li>\n\n\n\n<li class=\"has-medium-font-size\"><strong>Agenda P\u00fablica (Espa\u00f1a<\/strong>) \u201cVenezuela bajo la intervenci\u00f3n de Trump: Espa\u00f1a ante el fin de la ambig\u00fcedad estrat\u00e9gica\u201d<\/li>\n\n\n\n<li class=\"has-medium-font-size\"><strong>Agenda P\u00fablica (Espa\u00f1a)<\/strong> \u201cJohn Polga-Hecimovich, analista especializado en el poder chavista: \u2018Delcy Rodr\u00edguez gobierna entre Washington y el n\u00facleo duro del chavismo\u2019\u201d<\/li>\n\n\n\n<li class=\"has-medium-font-size\"><strong>Eduardo Bay\u00f3n (Espa\u00f1a)<\/strong> \u201cEE. UU. y Venezuela en el imaginario colectivo espa\u00f1ol: el \u2018antimodelo\u2019 y el \u2018aliado sospechoso\u2019\u201d<\/li>\n\n\n\n<li class=\"has-medium-font-size\"><strong>Rut Diamint (Argentina)<\/strong> y <strong>Laura Tedesco (Argentina)<\/strong> \u201c\u00bfQu\u00e9 papel jugar\u00e1 el ej\u00e9rcito en Venezuela ante la nueva estrategia de Donald Trump?\u201d<\/li>\n\n\n\n<li class=\"has-medium-font-size\"><strong>Henry Jim\u00e9nez Guanipa (Venezuela)<\/strong> \u201cLa reforma petrolera en Venezuela que abre la puerta a Repsol\u201d<\/li>\n\n\n\n<li class=\"has-medium-font-size\"><strong>Diego Lombardi (Argentina)<\/strong> \u201c\u00bfQu\u00e9 necesita Venezuela para que pueda surgir una democracia en el pa\u00eds?\u201d<\/li>\n\n\n\n<li class=\"has-medium-font-size\"><strong>Marc L\u00f3pez Plana (Espa\u00f1a)<\/strong> \u201cPulso en Caracas, presi\u00f3n en Bruselas: las razones por las que Espa\u00f1a debe blindar ya la defensa europea\u201d<\/li>\n\n\n\n<li class=\"has-medium-font-size\"><strong>Marc L\u00f3pez Plana (Espa\u00f1a)<\/strong> \u201cRepsol in the White House: why the CEO attended and made the best possible decision\u201d<\/li>\n<\/ul>\n\n<\/div>\n    <\/div>\n<\/div>\n\n\n<!--blockstudio\/blockstudio\/frame-layout--><div id=\"fl-blockstudio-e045f1f5910e\" class=\"fl px-frame-layout dekoposition_center    \" data-frame=\"dekobox\" data-layout=\"layout-full-reduced-small\" data-margin-before=\"medium\" data-margin-after=\"small\" >\n    <div class=\"inner\">\n        <div >\n\n<div class=\"wp-block-columns is-layout-flex wp-container-core-columns-is-layout-9d6595d7 wp-block-columns-is-layout-flex\">\n<div class=\"wp-block-column is-layout-flow wp-block-column-is-layout-flow\">\n<h2 class=\"wp-block-heading\">Discover more about the Venezuela Project<\/h2>\n\n\n\n<p>Explore other initiatives within ICCAL\u2019s Venezuela Project<\/p>\n\n\n\n<div style=\"height:45px\" aria-hidden=\"true\" class=\"wp-block-spacer\"><\/div>\n<\/div>\n\n\n\n<div class=\"wp-block-column is-layout-flow wp-block-column-is-layout-flow\"><\/div>\n<\/div>\n\n\n<!--blockstudio\/blockstudio\/teaser-->\n<div id=\"blockstudio-c63a68c7917f\" class=\"px-teaser treecolumns\">\n\t<div class=\"px-teaser-inner\">\n\n\t\t\t\t\t<div class=\"item secondColor\">\n                                    <a href=\"https:\/\/iccal.lat\/?page_id=4635&#038;preview=true\" class=\"full-link\" target=\"_blank\" rel=\"noopener\" aria-label=\"Publications\"><\/a>\n                \t\t\t\t\n\t\t\t\t<div class=\"content\">\n\t\t\t\t\t\t\t\t\t\t\t<h4 class=\"headline text-left\">Publications<\/h4>\n\t\t\t\t\t\n\t\t\t\t\t                                            <div class=\"wp-block-buttons\"><div class=\"wp-block-button is-style-arrow text-left\">\n                                                    <a class=\"wp-block-button__link wp-element-button\" href=\"https:\/\/iccal.lat\/?page_id=4635&#038;preview=true\" >Learn more<\/a>\n                                                <\/div><\/div>\n                    \t\t\t\t<\/div>\n\t\t\t<\/div>\n\t\t\t\t\t<div class=\"item mainColorLight\">\n                                    <a href=\"https:\/\/iccal.lat\/iccal-lab\/amigos-o-enemigos-tribunales-y-jueces-frente-a-la-resiliencia-democratica-coffin\/\" class=\"full-link\" target=\"_blank\" rel=\"noopener\" aria-label=\"Events\"><\/a>\n                \t\t\t\t\n\t\t\t\t<div class=\"content\">\n\t\t\t\t\t\t\t\t\t\t\t<h4 class=\"headline text-left\">Events<\/h4>\n\t\t\t\t\t\n\t\t\t\t\t                                            <div class=\"wp-block-buttons\"><div class=\"wp-block-button is-style-arrow text-left\">\n                                                    <a class=\"wp-block-button__link wp-element-button\" href=\"https:\/\/iccal.lat\/iccal-lab\/amigos-o-enemigos-tribunales-y-jueces-frente-a-la-resiliencia-democratica-coffin\/\" >Learn more<\/a>\n                                                <\/div><\/div>\n                    \t\t\t\t<\/div>\n\t\t\t<\/div>\n\t\t\t\t\t<div class=\"item thirdColor\">\n                                    <a href=\"https:\/\/iccal.lat\/iccal-lab\/litigio-climatico-justicia-intergeneracional\/\" class=\"full-link\" target=\"_blank\" rel=\"noopener\" aria-label=\"Rethinking the Transition in Venezuela\"><\/a>\n                \t\t\t\t\n\t\t\t\t<div class=\"content\">\n\t\t\t\t\t\t\t\t\t\t\t<h4 class=\"headline text-left\">Rethinking the Transition in Venezuela<\/h4>\n\t\t\t\t\t\n\t\t\t\t\t                                            <div class=\"wp-block-buttons\"><div class=\"wp-block-button is-style-arrow text-left\">\n                                                    <a class=\"wp-block-button__link wp-element-button\" href=\"https:\/\/iccal.lat\/iccal-lab\/litigio-climatico-justicia-intergeneracional\/\" >Learn more<\/a>\n                                                <\/div><\/div>\n                    \t\t\t\t<\/div>\n\t\t\t<\/div>\n\t\t\t<\/div>\n<\/div>\n\n\n\n<\/div>\n    <\/div>\n<\/div>\n","protected":false},"excerpt":{"rendered":"","protected":false},"author":6,"featured_media":0,"parent":0,"menu_order":11,"comment_status":"closed","ping_status":"closed","template":"","meta":{"_acf_changed":false,"footnotes":""},"class_list":["post-4824","page","type-page","status-publish","hentry"],"acf":[],"yoast_head":"<title>Voices on Venezuela | ICCAL<\/title>\n<meta name=\"robots\" content=\"index, follow, max-snippet:-1, max-image-preview:large, max-video-preview:-1\" \/>\n<link rel=\"canonical\" href=\"https:\/\/iccal.lat\/en\/voices-on-venezuela\/\" \/>\n<meta property=\"og:locale\" content=\"en_US\" \/>\n<meta property=\"og:type\" content=\"article\" \/>\n<meta property=\"og:title\" content=\"Voices on Venezuela | ICCAL\" \/>\n<meta property=\"og:url\" content=\"https:\/\/iccal.lat\/en\/voices-on-venezuela\/\" \/>\n<meta property=\"og:site_name\" content=\"ICCAL\" \/>\n<meta property=\"article:modified_time\" content=\"2026-02-27T15:56:02+00:00\" \/>\n<meta name=\"twitter:card\" content=\"summary_large_image\" \/>\n<meta name=\"twitter:label1\" content=\"Est. reading time\" \/>\n\t<meta name=\"twitter:data1\" content=\"3 minutes\" \/>\n<script type=\"application\/ld+json\" class=\"yoast-schema-graph\">{\"@context\":\"https:\\\/\\\/schema.org\",\"@graph\":[{\"@type\":\"WebPage\",\"@id\":\"https:\\\/\\\/iccal.lat\\\/en\\\/voices-on-venezuela\\\/\",\"url\":\"https:\\\/\\\/iccal.lat\\\/en\\\/voices-on-venezuela\\\/\",\"name\":\"Voices on Venezuela | ICCAL\",\"isPartOf\":{\"@id\":\"https:\\\/\\\/iccal.lat\\\/en\\\/#website\"},\"datePublished\":\"2026-02-27T14:36:33+00:00\",\"dateModified\":\"2026-02-27T15:56:02+00:00\",\"breadcrumb\":{\"@id\":\"https:\\\/\\\/iccal.lat\\\/en\\\/voices-on-venezuela\\\/#breadcrumb\"},\"inLanguage\":\"en-US\",\"potentialAction\":[{\"@type\":\"ReadAction\",\"target\":[\"https:\\\/\\\/iccal.lat\\\/en\\\/voices-on-venezuela\\\/\"]}]},{\"@type\":\"BreadcrumbList\",\"@id\":\"https:\\\/\\\/iccal.lat\\\/en\\\/voices-on-venezuela\\\/#breadcrumb\",\"itemListElement\":[{\"@type\":\"ListItem\",\"position\":1,\"name\":\"Startseite\",\"item\":\"https:\\\/\\\/iccal.lat\\\/en\\\/\"},{\"@type\":\"ListItem\",\"position\":2,\"name\":\"Voices on Venezuela\"}]},{\"@type\":\"WebSite\",\"@id\":\"https:\\\/\\\/iccal.lat\\\/en\\\/#website\",\"url\":\"https:\\\/\\\/iccal.lat\\\/en\\\/\",\"name\":\"ICCAL\",\"description\":\"Ius Constitutionale Commune en Am\u00e9rica Latina\",\"potentialAction\":[{\"@type\":\"SearchAction\",\"target\":{\"@type\":\"EntryPoint\",\"urlTemplate\":\"https:\\\/\\\/iccal.lat\\\/en\\\/?s={search_term_string}\"},\"query-input\":{\"@type\":\"PropertyValueSpecification\",\"valueRequired\":true,\"valueName\":\"search_term_string\"}}],\"inLanguage\":\"en-US\"}]}<\/script>","yoast_head_json":{"title":"Voices on Venezuela | ICCAL","robots":{"index":"index","follow":"follow","max-snippet":"max-snippet:-1","max-image-preview":"max-image-preview:large","max-video-preview":"max-video-preview:-1"},"canonical":"https:\/\/iccal.lat\/en\/voices-on-venezuela\/","og_locale":"en_US","og_type":"article","og_title":"Voices on Venezuela | ICCAL","og_url":"https:\/\/iccal.lat\/en\/voices-on-venezuela\/","og_site_name":"ICCAL","article_modified_time":"2026-02-27T15:56:02+00:00","twitter_card":"summary_large_image","twitter_misc":{"Est. reading time":"3 minutes"},"schema":{"@context":"https:\/\/schema.org","@graph":[{"@type":"WebPage","@id":"https:\/\/iccal.lat\/en\/voices-on-venezuela\/","url":"https:\/\/iccal.lat\/en\/voices-on-venezuela\/","name":"Voices on Venezuela | ICCAL","isPartOf":{"@id":"https:\/\/iccal.lat\/en\/#website"},"datePublished":"2026-02-27T14:36:33+00:00","dateModified":"2026-02-27T15:56:02+00:00","breadcrumb":{"@id":"https:\/\/iccal.lat\/en\/voices-on-venezuela\/#breadcrumb"},"inLanguage":"en-US","potentialAction":[{"@type":"ReadAction","target":["https:\/\/iccal.lat\/en\/voices-on-venezuela\/"]}]},{"@type":"BreadcrumbList","@id":"https:\/\/iccal.lat\/en\/voices-on-venezuela\/#breadcrumb","itemListElement":[{"@type":"ListItem","position":1,"name":"Startseite","item":"https:\/\/iccal.lat\/en\/"},{"@type":"ListItem","position":2,"name":"Voices on Venezuela"}]},{"@type":"WebSite","@id":"https:\/\/iccal.lat\/en\/#website","url":"https:\/\/iccal.lat\/en\/","name":"ICCAL","description":"Ius Constitutionale Commune en Am\u00e9rica Latina","potentialAction":[{"@type":"SearchAction","target":{"@type":"EntryPoint","urlTemplate":"https:\/\/iccal.lat\/en\/?s={search_term_string}"},"query-input":{"@type":"PropertyValueSpecification","valueRequired":true,"valueName":"search_term_string"}}],"inLanguage":"en-US"}]}},"_links":{"self":[{"href":"https:\/\/iccal.lat\/en\/wp-json\/wp\/v2\/pages\/4824","targetHints":{"allow":["GET"]}}],"collection":[{"href":"https:\/\/iccal.lat\/en\/wp-json\/wp\/v2\/pages"}],"about":[{"href":"https:\/\/iccal.lat\/en\/wp-json\/wp\/v2\/types\/page"}],"author":[{"embeddable":true,"href":"https:\/\/iccal.lat\/en\/wp-json\/wp\/v2\/users\/6"}],"replies":[{"embeddable":true,"href":"https:\/\/iccal.lat\/en\/wp-json\/wp\/v2\/comments?post=4824"}],"version-history":[{"count":2,"href":"https:\/\/iccal.lat\/en\/wp-json\/wp\/v2\/pages\/4824\/revisions"}],"predecessor-version":[{"id":4838,"href":"https:\/\/iccal.lat\/en\/wp-json\/wp\/v2\/pages\/4824\/revisions\/4838"}],"wp:attachment":[{"href":"https:\/\/iccal.lat\/en\/wp-json\/wp\/v2\/media?parent=4824"}],"curies":[{"name":"wp","href":"https:\/\/api.w.org\/{rel}","templated":true}]}}