{"id":2845,"date":"2025-10-16T17:14:24","date_gmt":"2025-10-16T15:14:24","guid":{"rendered":"https:\/\/iccal.lat\/?page_id=2845"},"modified":"2026-03-16T11:58:56","modified_gmt":"2026-03-16T10:58:56","slug":"transformative-constitutionalism-in-times-of-geopolitical-fragmentation","status":"publish","type":"page","link":"https:\/\/iccal.lat\/en\/iccal-lab\/transformative-constitutionalism-in-times-of-geopolitical-fragmentation\/","title":{"rendered":"Transformative Constitutionalism in Times of Geopolitical Fragmentation"},"content":{"rendered":"<!--blockstudio\/blockstudio\/banner--><div id=\"px-banner-blockstudio-88a30b4be430\" class=\"px-banner bannerMedia-image   \">\n    <div class=\"px-banner-inner\">\n\n\t\n\n\t<div class=\"text\">\n\t\t<div class=\"text-inner\">\n             <div class=\"text\">\n\n<h1 class=\"wp-block-heading\">Transformative Constitutionalism in Times of Geopolitical Fragmentation<\/h1>\n\n\n\n<p>Can transformative constitutionalism survive global fragmentation?<\/p>\n\n<\/div>\n\t\t<\/div>\n\t<\/div>\n    \n    <\/div>\n        <\/div>\n\n\n<script type=\"text\/javascript\" class=\"banner-video-script\">\nfunction activateVideo(video, uid) {\n    var el = document.getElementById('vid-' + video + '-uid' + uid);\n    el.innerHTML = '<div class=\"video\"><iframe src=\"https:\/\/www.youtube-nocookie.com\/embed\/' + video +\n        '?rel=0&#038;autoplay=0&#038;showinfo=0&#038;cc_load_policy=1&#038;wmode=transparent\" allowfullscreen>';\n}\n\nfunction activateVimeoVideo(video, uid) {\n    var el = document.getElementById('vid-vimeo-' + video + '-uid' + uid);\n    el.innerHTML = '<div class=\"video\"><iframe loading=\"lazy\" src=\"https:\/\/player.vimeo.com\/video\/' + video +\n        '?dnt=1\" width=\"1000\" height=\"750\" frameborder=\"0\" allow=\"autoplay; fullscreen; picture-in-picture; clipboard-write; encrypted-media; web-share\" referrerpolicy=\"strict-origin-when-cross-origin\" allowfullscreen>';\n}\n<\/script>\n\n\n\n<!--blockstudio\/blockstudio\/frame-layout--><div id=\"fl-blockstudio-6be623d90108\" class=\"fl px-frame-layout     \" data-frame=\"default\" data-layout=\"default\" data-margin-before=\"medium\" data-margin-after=\"medium\" >\n    <div class=\"inner\">\n        <div >\n\n<div class=\"wp-block-columns is-style-gap-large is-layout-flex wp-container-core-columns-is-layout-9d6595d7 wp-block-columns-is-layout-flex\">\n<div class=\"wp-block-column is-vertically-aligned-center is-layout-flow wp-block-column-is-layout-flow\" style=\"flex-basis:66.66%\">\n<p>This project examines how external geopolitical pressures shaped by rivalries among powers such as the United States, China, and Russia affect democratic resilience and the regional protection of human rights in Europe and Latin America. It asks whether there is a geopolitical dimension to transformative constitutionalism (TC) and explores how TC can provide tools to navigate a shifting international order. The research focuses particularly on the influence of geopolitics on national courts, analyzing how historical asymmetries and strategies of mobilization, litigation, and governance can strengthen democratic resilience against external threats that redefine spheres of influence and test the autonomy of high constitutional courts in both regions.<\/p>\n<\/div>\n\n\n\n<div class=\"wp-block-column is-layout-flow wp-block-column-is-layout-flow\" style=\"flex-basis:33.33%\"><!--blockstudio\/blockstudio\/frame-layout--><div id=\"fl-blockstudio-42cbf041a01c\" class=\"fl px-frame-layout    activateBorderRadius \" data-frame=\"lightbgbox\" data-layout=\"default\" data-margin-before=\"default\" data-margin-after=\"default\" >\n    <div class=\"inner\">\n        <div >\n\n<p><strong><strong>Researchers<\/strong><\/strong><\/p>\n\n\n\n<ul class=\"wp-block-list\">\n<li><a href=\"#rene\">Ren\u00e9 Urue\u00f1a<\/a><\/li>\n\n\n\n<li><a href=\"#Irene\" type=\"internal\" id=\"#Irene\">Irene V\u00e1zquez <\/a><a href=\"#Irene\">Serrano<\/a><\/li>\n\n\n\n<li><a href=\"#ignacio\">Ignacio G. Perotti<\/a><\/li>\n\n\n\n<li><a href=\"#sue\">Su\u00e9 Gonz\u00e1lez Hauck<\/a><\/li>\n\n\n\n<li><a href=\"#daniel\">Daniel R. Quiroga-Villamar\u00edn<\/a><\/li>\n<\/ul>\n\n\n\n<hr class=\"wp-block-separator has-alpha-channel-opacity\"\/>\n\n\n\n<p><strong>Focus<\/strong><br>Geopolitics<\/p>\n\n<\/div>\n    <\/div>\n<\/div>\n<\/div>\n<\/div>\n\n<\/div>\n    <\/div>\n<\/div>\n\n\n\n<div style=\"height:30px\" aria-hidden=\"true\" class=\"wp-block-spacer\"><\/div>\n\n\n<!--blockstudio\/blockstudio\/anchor-->\n\n<div class=\" anchor-section\" id=\"rene\">\n\t<\/div>\n\n\n<!--blockstudio\/blockstudio\/textmedia-->\n<div id=\"blockstudio-53c8cb090849\" class=\"px-textmedia toggle-readmore-wrapper editor-mode deactivatereadmore smallerimagesize mediaposition-left\">\n<div class=\"px-textmedia-wrapper\">\n    \n    <div class=\"px-textmedia-media\">\n                <div class=\"image\">\n            <img loading=\"lazy\" decoding=\"async\" width=\"440\" height=\"440\" src=\"https:\/\/iccal.lat\/wp-content\/uploads\/2025\/10\/photo-rene-uruena-2024-e1760627398628.jpg\" class=\"attachment-600x440 size-600x440\" alt=\"\" srcset=\"https:\/\/iccal.lat\/wp-content\/uploads\/2025\/10\/photo-rene-uruena-2024-e1760627398628.jpg 800w, https:\/\/iccal.lat\/wp-content\/uploads\/2025\/10\/photo-rene-uruena-2024-e1760627398628-300x300.jpg 300w, https:\/\/iccal.lat\/wp-content\/uploads\/2025\/10\/photo-rene-uruena-2024-e1760627398628-150x150.jpg 150w, https:\/\/iccal.lat\/wp-content\/uploads\/2025\/10\/photo-rene-uruena-2024-e1760627398628-768x768.jpg 768w, https:\/\/iccal.lat\/wp-content\/uploads\/2025\/10\/photo-rene-uruena-2024-e1760627398628-400x400.jpg 400w, https:\/\/iccal.lat\/wp-content\/uploads\/2025\/10\/photo-rene-uruena-2024-e1760627398628-600x600.jpg 600w\" sizes=\"auto, (max-width: 440px) 100vw, 440px\" \/>        <\/div>\n        \n\n\n    <\/div>\n\n    <div class=\"px-textmedia-content\">\n        <div class=\"px-textmedia-inner\">\n            <InnerBlocks allowedBlocks=\"[&quot;core\\\/heading&quot;,&quot;core\\\/paragraph&quot;,&quot;core\\\/buttons&quot;]\" \/>\n        <\/div>\n\n            <\/div>\n<\/div>\n<\/div>\n\n\n\n\n<div style=\"height:100px\" aria-hidden=\"true\" class=\"wp-block-spacer\"><\/div>\n\n\n<!--blockstudio\/blockstudio\/anchor-->\n\n<div class=\" anchor-section\" id=\"Irene\">\n\t<\/div>\n\n\n<!--blockstudio\/blockstudio\/textmedia-->\n<div id=\"blockstudio-42584bb7323c\" class=\"px-textmedia toggle-readmore-wrapper editor-mode deactivatereadmore smallerimagesize mediaposition-right\">\n<div class=\"px-textmedia-wrapper\">\n    \n    <div class=\"px-textmedia-media\">\n                <div class=\"image\">\n            <img loading=\"lazy\" decoding=\"async\" width=\"440\" height=\"440\" src=\"https:\/\/iccal.lat\/wp-content\/uploads\/2025\/10\/i.-vazquez-serrano-e1760627584631.jpg\" class=\"attachment-600x440 size-600x440\" alt=\"\" srcset=\"https:\/\/iccal.lat\/wp-content\/uploads\/2025\/10\/i.-vazquez-serrano-e1760627584631.jpg 1000w, https:\/\/iccal.lat\/wp-content\/uploads\/2025\/10\/i.-vazquez-serrano-e1760627584631-300x300.jpg 300w, https:\/\/iccal.lat\/wp-content\/uploads\/2025\/10\/i.-vazquez-serrano-e1760627584631-150x150.jpg 150w, https:\/\/iccal.lat\/wp-content\/uploads\/2025\/10\/i.-vazquez-serrano-e1760627584631-768x768.jpg 768w, https:\/\/iccal.lat\/wp-content\/uploads\/2025\/10\/i.-vazquez-serrano-e1760627584631-400x400.jpg 400w, https:\/\/iccal.lat\/wp-content\/uploads\/2025\/10\/i.-vazquez-serrano-e1760627584631-600x600.jpg 600w\" sizes=\"auto, (max-width: 440px) 100vw, 440px\" \/>        <\/div>\n        \n\n\n    <\/div>\n\n    <div class=\"px-textmedia-content\">\n        <div class=\"px-textmedia-inner\">\n            <InnerBlocks allowedBlocks=\"[&quot;core\\\/heading&quot;,&quot;core\\\/paragraph&quot;,&quot;core\\\/buttons&quot;]\" \/>\n        <\/div>\n\n            <\/div>\n<\/div>\n<\/div>\n\n\n\n\n<div style=\"height:100px\" aria-hidden=\"true\" class=\"wp-block-spacer\"><\/div>\n\n\n<!--blockstudio\/blockstudio\/anchor-->\n\n<div class=\" anchor-section\" id=\"ignacio\">\n\t<\/div>\n\n\n<!--blockstudio\/blockstudio\/textmedia-->\n<div id=\"blockstudio-0ecee1a10e4e\" class=\"px-textmedia toggle-readmore-wrapper editor-mode deactivatereadmore smallerimagesize mediaposition-left\">\n<div class=\"px-textmedia-wrapper\">\n    \n    <div class=\"px-textmedia-media\">\n                <div class=\"image\">\n            <img loading=\"lazy\" decoding=\"async\" width=\"440\" height=\"440\" src=\"https:\/\/iccal.lat\/wp-content\/uploads\/2026\/01\/img_5605-scaled-e1770030392521.jpeg\" class=\"attachment-600x440 size-600x440\" alt=\"\" srcset=\"https:\/\/iccal.lat\/wp-content\/uploads\/2026\/01\/img_5605-scaled-e1770030392521.jpeg 808w, https:\/\/iccal.lat\/wp-content\/uploads\/2026\/01\/img_5605-scaled-e1770030392521-300x300.jpeg 300w, https:\/\/iccal.lat\/wp-content\/uploads\/2026\/01\/img_5605-scaled-e1770030392521-150x150.jpeg 150w, https:\/\/iccal.lat\/wp-content\/uploads\/2026\/01\/img_5605-scaled-e1770030392521-768x768.jpeg 768w, https:\/\/iccal.lat\/wp-content\/uploads\/2026\/01\/img_5605-scaled-e1770030392521-400x400.jpeg 400w, https:\/\/iccal.lat\/wp-content\/uploads\/2026\/01\/img_5605-scaled-e1770030392521-600x600.jpeg 600w\" sizes=\"auto, (max-width: 440px) 100vw, 440px\" \/>        <\/div>\n        \n\n\n    <\/div>\n\n    <div class=\"px-textmedia-content\">\n        <div class=\"px-textmedia-inner\">\n            <InnerBlocks allowedBlocks=\"[&quot;core\\\/heading&quot;,&quot;core\\\/paragraph&quot;,&quot;core\\\/buttons&quot;]\" \/>\n        <\/div>\n\n            <\/div>\n<\/div>\n<\/div>\n\n\n\n\n<div style=\"height:100px\" aria-hidden=\"true\" class=\"wp-block-spacer\"><\/div>\n\n\n<!--blockstudio\/blockstudio\/anchor-->\n\n<div class=\" anchor-section\" id=\"sue\">\n\t<\/div>\n\n\n<!--blockstudio\/blockstudio\/textmedia-->\n<div id=\"blockstudio-ae057c5e5ec6\" class=\"px-textmedia toggle-readmore-wrapper editor-mode deactivatereadmore smallerimagesize mediaposition-right\">\n<div class=\"px-textmedia-wrapper\">\n    \n    <div class=\"px-textmedia-media\">\n                <div class=\"image\">\n            <img loading=\"lazy\" decoding=\"async\" width=\"440\" height=\"440\" src=\"https:\/\/iccal.lat\/wp-content\/uploads\/2026\/03\/1601632578290-e1772811111782.jpg\" class=\"attachment-600x440 size-600x440\" alt=\"\" \/>        <\/div>\n        \n\n\n    <\/div>\n\n    <div class=\"px-textmedia-content\">\n        <div class=\"px-textmedia-inner\">\n            <InnerBlocks allowedBlocks=\"[&quot;core\\\/heading&quot;,&quot;core\\\/paragraph&quot;,&quot;core\\\/buttons&quot;]\" \/>\n        <\/div>\n\n            <\/div>\n<\/div>\n<\/div>\n\n\n\n\n<div style=\"height:100px\" aria-hidden=\"true\" class=\"wp-block-spacer\"><\/div>\n\n\n<!--blockstudio\/blockstudio\/anchor-->\n\n<div class=\" anchor-section\" id=\"daniel\">\n\t<\/div>\n\n\n<!--blockstudio\/blockstudio\/textmedia-->\n<div id=\"blockstudio-0101f4dfc97c\" class=\"px-textmedia toggle-readmore-wrapper editor-mode deactivatereadmore smallerimagesize mediaposition-left\">\n<div class=\"px-textmedia-wrapper\">\n    \n    <div class=\"px-textmedia-media\">\n                <div class=\"image\">\n            <img loading=\"lazy\" decoding=\"async\" width=\"440\" height=\"440\" src=\"https:\/\/iccal.lat\/wp-content\/uploads\/2025\/10\/daniel-quiroga-scaled-e1769507374955.jpg\" class=\"attachment-600x440 size-600x440\" alt=\"\" srcset=\"https:\/\/iccal.lat\/wp-content\/uploads\/2025\/10\/daniel-quiroga-scaled-e1769507374955.jpg 1707w, https:\/\/iccal.lat\/wp-content\/uploads\/2025\/10\/daniel-quiroga-scaled-e1769507374955-300x300.jpg 300w, https:\/\/iccal.lat\/wp-content\/uploads\/2025\/10\/daniel-quiroga-scaled-e1769507374955-1024x1024.jpg 1024w, https:\/\/iccal.lat\/wp-content\/uploads\/2025\/10\/daniel-quiroga-scaled-e1769507374955-150x150.jpg 150w, https:\/\/iccal.lat\/wp-content\/uploads\/2025\/10\/daniel-quiroga-scaled-e1769507374955-768x768.jpg 768w, https:\/\/iccal.lat\/wp-content\/uploads\/2025\/10\/daniel-quiroga-scaled-e1769507374955-1536x1536.jpg 1536w, https:\/\/iccal.lat\/wp-content\/uploads\/2025\/10\/daniel-quiroga-scaled-e1769507374955-400x400.jpg 400w, https:\/\/iccal.lat\/wp-content\/uploads\/2025\/10\/daniel-quiroga-scaled-e1769507374955-600x600.jpg 600w\" sizes=\"auto, (max-width: 440px) 100vw, 440px\" \/>        <\/div>\n        \n\n\n    <\/div>\n\n    <div class=\"px-textmedia-content\">\n        <div class=\"px-textmedia-inner\">\n            <InnerBlocks allowedBlocks=\"[&quot;core\\\/heading&quot;,&quot;core\\\/paragraph&quot;,&quot;core\\\/buttons&quot;]\" \/>\n        <\/div>\n\n            <\/div>\n<\/div>\n<\/div>\n\n\n\n\n<div style=\"height:100px\" aria-hidden=\"true\" class=\"wp-block-spacer\"><\/div>\n\n\n<!--blockstudio\/blockstudio\/frame-layout--><div id=\"fl-blockstudio-22bb9ff558a7\" class=\"fl px-frame-layout    activateBorderRadius \" data-frame=\"lightbgbox\" data-layout=\"layout-reduced\" data-margin-before=\"default\" data-margin-after=\"default\" >\n    <div class=\"inner\">\n        <div >\n\n<h2 class=\"wp-block-heading has-text-align-center\">Introductory readings<\/h2>\n\n\n\n<ul class=\"wp-block-list\">\n<li>Urue\u00f1a, R. (2025). <em>Technoscientific Thought and International Law in Latin America<\/em>. In S. Puig, A. Huneeus, &amp; A. Chehtman (Eds.), <em>Latin American International Law in the Twenty-First Century<\/em>. Oxford University Press.<\/li>\n\n\n\n<li>Urue\u00f1a, R. (2025). \u201c\u00bfVer todo el mal? Subsidiariedad y el papel epist\u00e9mico de la adjudicaci\u00f3n en el derecho internacional de los derechos humanos en Am\u00e9rica Latina.\u201d In S. Rubiano Galvis (Ed.), <em>Saberes, tecnolog\u00edas y derecho en Am\u00e9rica Latina<\/em>. Universidad de los Andes.<\/li>\n\n\n\n<li>Urue\u00f1a, R., &amp; Yate Cort\u00e9s, S. (2024). \u201cConstructing the Narrative of Human Rights Impact in Latin America.\u201d In A. von Bogdandy, F. Piovesan, E. Ferrer Mac-Gregor, &amp; M. Morales Antoniazzi (Eds.), <em>The Impact of the Inter-American Human Rights System<\/em> (pp. 119\u2013214). Oxford University Press.<\/li>\n\n\n\n<li>Urue\u00f1a, R., &amp; Prada, M. A. (2022). \u201cDomestic Courts in the Mosaic of States: Transformative Constitutionalism and Fair and Equitable Treatment.\u201d In S. Droubi &amp; C. J. Flores Elizondo (Eds.), <em>Latin America and International Investment Law: A Mosaic of Resistance<\/em> (pp. 236\u2013252). Manchester University Press.<\/li>\n\n\n\n<li>Urue\u00f1a, R. (2021). \u201cDemocracy and Human Rights Adjudication in the Inter-American Legal Space.\u201d In P. Zumbansen (Ed.), <em>The Oxford Handbook of Transnational Law<\/em> (pp. 867\u2013892). Oxford University Press.<\/li>\n\n\n\n<li>Urue\u00f1a, R., &amp; von Bogdandy, A. (2020). \u201cInternational Transformative Constitutionalism in Latin America.\u201d <em>American Journal of International Law, 114<\/em>(2), 403.<\/li>\n\n\n\n<li>Urue\u00f1a, R. (2019). \u201cReclaiming the Keys to the Kingdom (of the World): Evangelicals and Human Rights in Latin America.\u201d In J. Nijman &amp; W. G. Werner (Eds.), <em>Netherlands Yearbook of International Law 2018: Populism and International Law<\/em> (pp. 175\u2013207). T.M.C. Asser Press.<\/li>\n\n\n\n<li>Urue\u00f1a, R. (2019). \u201cDomestic Application of International Law in Latin America.\u201d In C. Bradley (Ed.), <em>The Oxford Handbook of Comparative Foreign Relations Law<\/em> (pp. 565\u2013581). Oxford University Press.<\/li>\n<\/ul>\n\n<\/div>\n    <\/div>\n<\/div>\n\n\n<!--blockstudio\/blockstudio\/frame-layout--><div id=\"fl-blockstudio-6960aa6a9480\" class=\"fl px-frame-layout dekoposition_center    \" data-frame=\"dekobox\" data-layout=\"layout-full-reduced-small\" data-margin-before=\"medium\" data-margin-after=\"default\" >\n    <div class=\"inner\">\n        <div >\n\n<div class=\"wp-block-columns is-layout-flex wp-container-core-columns-is-layout-9d6595d7 wp-block-columns-is-layout-flex\">\n<div class=\"wp-block-column is-layout-flow wp-block-column-is-layout-flow\">\n<h2 class=\"wp-block-heading\">Get to know our ICCAL projects<\/h2>\n\n\n\n<p>Discover the projects that bring ICCAL to life through research, collaboration, and local initiatives.<\/p>\n\n\n\n<div style=\"height:45px\" aria-hidden=\"true\" class=\"wp-block-spacer\"><\/div>\n<\/div>\n\n\n\n<div class=\"wp-block-column is-layout-flow wp-block-column-is-layout-flow\"><\/div>\n<\/div>\n\n\n<!--blockstudio\/blockstudio\/teaser-->\n<div id=\"blockstudio-736cbdc1f531\" class=\"px-teaser treecolumns\">\n\t<div class=\"px-teaser-inner\">\n\n\t\t\t\t\t<div class=\"item fourthColor\">\n                                    <a href=\"https:\/\/iccal.lat\/en\/iccal-lab\/judicial-autonomy-democratic-resilience\/\" class=\"full-link\"  aria-label=\"Courts and Judges: Friends or Foes of Democratic Resilience? (COFFIN)\"><\/a>\n                \t\t\t\t\n\t\t\t\t<div class=\"content\">\n\t\t\t\t\t\t\t\t\t\t\t<h5 class=\"headline text-left\">Courts and Judges: Friends or Foes of Democratic Resilience? (COFFIN)<\/h5>\n\t\t\t\t\t\n\t\t\t\t\t                                            <div class=\"wp-block-buttons\"><div class=\"wp-block-button is-style-arrow text-left\">\n                                                    <a class=\"wp-block-button__link wp-element-button\" href=\"https:\/\/iccal.lat\/en\/iccal-lab\/judicial-autonomy-democratic-resilience\/\" >Discover more<\/a>\n                                                <\/div><\/div>\n                    \t\t\t\t<\/div>\n\t\t\t<\/div>\n\t\t\t\t\t<div class=\"item secondColor\">\n                                    <a href=\"https:\/\/iccal.lat\/en\/iccal-lab\/climate-litigation-intergenerational-justice-democracy\/\" class=\"full-link\"  aria-label=\"Democratic Resilience, Climate Litigation, and Intergenerational Justice\"><\/a>\n                \t\t\t\t\n\t\t\t\t<div class=\"content\">\n\t\t\t\t\t\t\t\t\t\t\t<h5 class=\"headline text-left\">Democratic Resilience, Climate Litigation, and Intergenerational Justice<\/h5>\n\t\t\t\t\t\n\t\t\t\t\t                                            <div class=\"wp-block-buttons\"><div class=\"wp-block-button is-style-arrow text-left\">\n                                                    <a class=\"wp-block-button__link wp-element-button\" href=\"https:\/\/iccal.lat\/en\/iccal-lab\/climate-litigation-intergenerational-justice-democracy\/\" >Discover more<\/a>\n                                                <\/div><\/div>\n                    \t\t\t\t<\/div>\n\t\t\t<\/div>\n\t\t\t\t\t<div class=\"item mainColor\">\n                                    <a href=\"https:\/\/iccal.lat\/en\/iccal-lab\/citizens-assemblies-law-democratic-institutionalization\/\" class=\"full-link\"  aria-label=\"From Innovation to Institution: Embedding Citizens\u2019 Assemblies in the Law\"><\/a>\n                \t\t\t\t\n\t\t\t\t<div class=\"content\">\n\t\t\t\t\t\t\t\t\t\t\t<h5 class=\"headline text-left\">From Innovation to Institution: Embedding Citizens\u2019 Assemblies in the Law<\/h5>\n\t\t\t\t\t\n\t\t\t\t\t                                            <div class=\"wp-block-buttons\"><div class=\"wp-block-button is-style-arrow text-left\">\n                                                    <a class=\"wp-block-button__link wp-element-button\" href=\"https:\/\/iccal.lat\/en\/iccal-lab\/citizens-assemblies-law-democratic-institutionalization\/\" >Discover more<\/a>\n                                                <\/div><\/div>\n                    \t\t\t\t<\/div>\n\t\t\t<\/div>\n\t\t\t<\/div>\n<\/div>\n\n\n\n<\/div>\n    <\/div>\n<\/div>\n\n\n\n<div style=\"height:30px\" aria-hidden=\"true\" class=\"wp-block-spacer\"><\/div>\n","protected":false},"excerpt":{"rendered":"","protected":false},"author":5,"featured_media":0,"parent":2599,"menu_order":47,"comment_status":"closed","ping_status":"closed","template":"","meta":{"_acf_changed":false,"footnotes":""},"class_list":["post-2845","page","type-page","status-publish","hentry"],"acf":[],"yoast_head":"<title>Transformative Constitutionalism in Times of Geopolitical Fragmentation<\/title>\n<meta name=\"description\" content=\"When do collaboration mechanisms between powers strengthen socio-economic rights?\" \/>\n<meta name=\"robots\" content=\"index, follow, max-snippet:-1, max-image-preview:large, max-video-preview:-1\" \/>\n<link rel=\"canonical\" href=\"https:\/\/iccal.lat\/en\/iccal-lab\/transformative-constitutionalism-in-times-of-geopolitical-fragmentation\/\" \/>\n<meta property=\"og:locale\" content=\"en_US\" \/>\n<meta property=\"og:type\" content=\"article\" \/>\n<meta property=\"og:title\" content=\"Transformative Constitutionalism in Times of Geopolitical Fragmentation\" \/>\n<meta property=\"og:description\" content=\"When do collaboration mechanisms between powers strengthen socio-economic rights?\" \/>\n<meta property=\"og:url\" content=\"https:\/\/iccal.lat\/en\/iccal-lab\/transformative-constitutionalism-in-times-of-geopolitical-fragmentation\/\" \/>\n<meta property=\"og:site_name\" content=\"ICCAL\" \/>\n<meta property=\"article:modified_time\" content=\"2026-03-16T10:58:56+00:00\" \/>\n<meta name=\"twitter:card\" content=\"summary_large_image\" \/>\n<meta name=\"twitter:label1\" content=\"Est. reading time\" \/>\n\t<meta name=\"twitter:data1\" content=\"5 minutes\" \/>\n<script type=\"application\/ld+json\" class=\"yoast-schema-graph\">{\"@context\":\"https:\\\/\\\/schema.org\",\"@graph\":[{\"@type\":\"WebPage\",\"@id\":\"https:\\\/\\\/iccal.lat\\\/en\\\/iccal-lab\\\/transformative-constitutionalism-in-times-of-geopolitical-fragmentation\\\/\",\"url\":\"https:\\\/\\\/iccal.lat\\\/en\\\/iccal-lab\\\/transformative-constitutionalism-in-times-of-geopolitical-fragmentation\\\/\",\"name\":\"Transformative Constitutionalism in Times of Geopolitical Fragmentation\",\"isPartOf\":{\"@id\":\"https:\\\/\\\/iccal.lat\\\/en\\\/#website\"},\"datePublished\":\"2025-10-16T15:14:24+00:00\",\"dateModified\":\"2026-03-16T10:58:56+00:00\",\"description\":\"When do collaboration mechanisms between powers strengthen socio-economic rights?\",\"breadcrumb\":{\"@id\":\"https:\\\/\\\/iccal.lat\\\/en\\\/iccal-lab\\\/transformative-constitutionalism-in-times-of-geopolitical-fragmentation\\\/#breadcrumb\"},\"inLanguage\":\"en-US\",\"potentialAction\":[{\"@type\":\"ReadAction\",\"target\":[\"https:\\\/\\\/iccal.lat\\\/en\\\/iccal-lab\\\/transformative-constitutionalism-in-times-of-geopolitical-fragmentation\\\/\"]}]},{\"@type\":\"BreadcrumbList\",\"@id\":\"https:\\\/\\\/iccal.lat\\\/en\\\/iccal-lab\\\/transformative-constitutionalism-in-times-of-geopolitical-fragmentation\\\/#breadcrumb\",\"itemListElement\":[{\"@type\":\"ListItem\",\"position\":1,\"name\":\"Startseite\",\"item\":\"https:\\\/\\\/iccal.lat\\\/en\\\/\"},{\"@type\":\"ListItem\",\"position\":2,\"name\":\"ICCAL Lab\",\"item\":\"https:\\\/\\\/iccal.lat\\\/en\\\/iccal-lab\\\/\"},{\"@type\":\"ListItem\",\"position\":3,\"name\":\"Transformative Constitutionalism in Times of Geopolitical Fragmentation\"}]},{\"@type\":\"WebSite\",\"@id\":\"https:\\\/\\\/iccal.lat\\\/en\\\/#website\",\"url\":\"https:\\\/\\\/iccal.lat\\\/en\\\/\",\"name\":\"ICCAL\",\"description\":\"Ius Constitutionale Commune en Am\u00e9rica Latina\",\"potentialAction\":[{\"@type\":\"SearchAction\",\"target\":{\"@type\":\"EntryPoint\",\"urlTemplate\":\"https:\\\/\\\/iccal.lat\\\/en\\\/?s={search_term_string}\"},\"query-input\":{\"@type\":\"PropertyValueSpecification\",\"valueRequired\":true,\"valueName\":\"search_term_string\"}}],\"inLanguage\":\"en-US\"}]}<\/script>","yoast_head_json":{"title":"Transformative Constitutionalism in Times of Geopolitical Fragmentation","description":"When do collaboration mechanisms between powers strengthen socio-economic rights?","robots":{"index":"index","follow":"follow","max-snippet":"max-snippet:-1","max-image-preview":"max-image-preview:large","max-video-preview":"max-video-preview:-1"},"canonical":"https:\/\/iccal.lat\/en\/iccal-lab\/transformative-constitutionalism-in-times-of-geopolitical-fragmentation\/","og_locale":"en_US","og_type":"article","og_title":"Transformative Constitutionalism in Times of Geopolitical Fragmentation","og_description":"When do collaboration mechanisms between powers strengthen socio-economic rights?","og_url":"https:\/\/iccal.lat\/en\/iccal-lab\/transformative-constitutionalism-in-times-of-geopolitical-fragmentation\/","og_site_name":"ICCAL","article_modified_time":"2026-03-16T10:58:56+00:00","twitter_card":"summary_large_image","twitter_misc":{"Est. reading time":"5 minutes"},"schema":{"@context":"https:\/\/schema.org","@graph":[{"@type":"WebPage","@id":"https:\/\/iccal.lat\/en\/iccal-lab\/transformative-constitutionalism-in-times-of-geopolitical-fragmentation\/","url":"https:\/\/iccal.lat\/en\/iccal-lab\/transformative-constitutionalism-in-times-of-geopolitical-fragmentation\/","name":"Transformative Constitutionalism in Times of Geopolitical Fragmentation","isPartOf":{"@id":"https:\/\/iccal.lat\/en\/#website"},"datePublished":"2025-10-16T15:14:24+00:00","dateModified":"2026-03-16T10:58:56+00:00","description":"When do collaboration mechanisms between powers strengthen socio-economic rights?","breadcrumb":{"@id":"https:\/\/iccal.lat\/en\/iccal-lab\/transformative-constitutionalism-in-times-of-geopolitical-fragmentation\/#breadcrumb"},"inLanguage":"en-US","potentialAction":[{"@type":"ReadAction","target":["https:\/\/iccal.lat\/en\/iccal-lab\/transformative-constitutionalism-in-times-of-geopolitical-fragmentation\/"]}]},{"@type":"BreadcrumbList","@id":"https:\/\/iccal.lat\/en\/iccal-lab\/transformative-constitutionalism-in-times-of-geopolitical-fragmentation\/#breadcrumb","itemListElement":[{"@type":"ListItem","position":1,"name":"Startseite","item":"https:\/\/iccal.lat\/en\/"},{"@type":"ListItem","position":2,"name":"ICCAL Lab","item":"https:\/\/iccal.lat\/en\/iccal-lab\/"},{"@type":"ListItem","position":3,"name":"Transformative Constitutionalism in Times of Geopolitical Fragmentation"}]},{"@type":"WebSite","@id":"https:\/\/iccal.lat\/en\/#website","url":"https:\/\/iccal.lat\/en\/","name":"ICCAL","description":"Ius Constitutionale Commune en Am\u00e9rica Latina","potentialAction":[{"@type":"SearchAction","target":{"@type":"EntryPoint","urlTemplate":"https:\/\/iccal.lat\/en\/?s={search_term_string}"},"query-input":{"@type":"PropertyValueSpecification","valueRequired":true,"valueName":"search_term_string"}}],"inLanguage":"en-US"}]}},"_links":{"self":[{"href":"https:\/\/iccal.lat\/en\/wp-json\/wp\/v2\/pages\/2845","targetHints":{"allow":["GET"]}}],"collection":[{"href":"https:\/\/iccal.lat\/en\/wp-json\/wp\/v2\/pages"}],"about":[{"href":"https:\/\/iccal.lat\/en\/wp-json\/wp\/v2\/types\/page"}],"author":[{"embeddable":true,"href":"https:\/\/iccal.lat\/en\/wp-json\/wp\/v2\/users\/5"}],"replies":[{"embeddable":true,"href":"https:\/\/iccal.lat\/en\/wp-json\/wp\/v2\/comments?post=2845"}],"version-history":[{"count":18,"href":"https:\/\/iccal.lat\/en\/wp-json\/wp\/v2\/pages\/2845\/revisions"}],"predecessor-version":[{"id":5126,"href":"https:\/\/iccal.lat\/en\/wp-json\/wp\/v2\/pages\/2845\/revisions\/5126"}],"up":[{"embeddable":true,"href":"https:\/\/iccal.lat\/en\/wp-json\/wp\/v2\/pages\/2599"}],"wp:attachment":[{"href":"https:\/\/iccal.lat\/en\/wp-json\/wp\/v2\/media?parent=2845"}],"curies":[{"name":"wp","href":"https:\/\/api.w.org\/{rel}","templated":true}]}}