{"id":2608,"date":"2025-10-06T20:52:09","date_gmt":"2025-10-06T18:52:09","guid":{"rendered":"https:\/\/iccal.lat\/?page_id=2608"},"modified":"2026-03-16T12:00:20","modified_gmt":"2026-03-16T11:00:20","slug":"collaborative-constitutionalism-democratic-resilience","status":"publish","type":"page","link":"https:\/\/iccal.lat\/en\/iccal-lab\/collaborative-constitutionalism-democratic-resilience\/","title":{"rendered":"REconfiguring State POwers in the 21st Century as a Tool for Democratic Resilience (RESPO)"},"content":{"rendered":"<!--blockstudio\/blockstudio\/banner--><div id=\"px-banner-blockstudio-4bfa155bbae3\" class=\"px-banner bannerMedia-image   \">\n    <div class=\"px-banner-inner\">\n\n\t\n\n\t<div class=\"text\">\n\t\t<div class=\"text-inner\">\n             <div class=\"text\">\n\n<h1 class=\"wp-block-heading\">REconfiguring State POwers in the 21st Century as a Tool for Democratic Resilience (RESPO)<\/h1>\n\n\n\n<p>When do collaboration mechanisms between powers strengthen socio-economic rights?<\/p>\n\n<\/div>\n\t\t<\/div>\n\t<\/div>\n    \n    <\/div>\n        <\/div>\n\n\n<script type=\"text\/javascript\" class=\"banner-video-script\">\nfunction activateVideo(video, uid) {\n    var el = document.getElementById('vid-' + video + '-uid' + uid);\n    el.innerHTML = '<div class=\"video\"><iframe src=\"https:\/\/www.youtube-nocookie.com\/embed\/' + video +\n        '?rel=0&#038;autoplay=0&#038;showinfo=0&#038;cc_load_policy=1&#038;wmode=transparent\" allowfullscreen>';\n}\n\nfunction activateVimeoVideo(video, uid) {\n    var el = document.getElementById('vid-vimeo-' + video + '-uid' + uid);\n    el.innerHTML = '<div class=\"video\"><iframe loading=\"lazy\" src=\"https:\/\/player.vimeo.com\/video\/' + video +\n        '?dnt=1\" width=\"1000\" height=\"750\" frameborder=\"0\" allow=\"autoplay; fullscreen; picture-in-picture; clipboard-write; encrypted-media; web-share\" referrerpolicy=\"strict-origin-when-cross-origin\" allowfullscreen>';\n}\n<\/script>\n\n\n\n<!--blockstudio\/blockstudio\/frame-layout--><div id=\"fl-blockstudio-afba3d5da1e0\" class=\"fl px-frame-layout     \" data-frame=\"default\" data-layout=\"default\" data-margin-before=\"medium\" data-margin-after=\"medium\">\n    <div class=\"inner\">\n        <div>\n\n<div class=\"wp-block-columns is-style-gap-large is-layout-flex wp-container-core-columns-is-layout-9d6595d7 wp-block-columns-is-layout-flex\">\n<div class=\"wp-block-column is-vertically-aligned-center is-layout-flow wp-block-column-is-layout-flow\" style=\"flex-basis:66.66%\">\n<p class=\"has-text-align-left\">This project examines the mechanisms of collaboration, both formal and informal, between political institutions and courts in Europe and Latin America in the implementation of social rights and their contribution to democratic resilience. Adopting a three stage comparative approach, it begins with intraregional analyses to identify representative cases (in Europe: Italy, Germany, and Spain; in Latin America: Brazil, Colombia, and Mexico) and the mechanisms used to enforce socioeconomic rights, including uncodified practices. It then develops a transregional comparison that takes into account legal, cultural, and socioeconomic contextual factors. The aim is to propose best practices of collaborative constitutionalism that enhance the effectiveness of constitutional provisions, prevent institutional conflicts, and foster public trust in constitutional democracy. The project also investigates the influence of regional human rights systems and forms of government on these dynamics.<\/p>\n<\/div>\n\n\n\n<div class=\"wp-block-column is-layout-flow wp-block-column-is-layout-flow\" style=\"flex-basis:33.33%\"><!--blockstudio\/blockstudio\/frame-layout--><div id=\"fl-blockstudio-967064f7314a\" class=\"fl px-frame-layout    activateBorderRadius \" data-frame=\"lightbgbox\" data-layout=\"default\" data-margin-before=\"default\" data-margin-after=\"default\">\n    <div class=\"inner\">\n        <div>\n\n<p><strong><strong>Researchers<\/strong><\/strong><\/p>\n\n\n\n<ul class=\"wp-block-list\">\n<li><a href=\"#tania\">Tania Groppi<\/a><\/li>\n\n\n\n<li><a href=\"#irene\">Irene Spigno<\/a><\/li>\n\n\n\n<li><a href=\"#giacomo\">Giacomo Giorgini Pignatiello<\/a><\/li>\n\n\n\n<li><a href=\"#andrea\">Andrea Cristina Robles Ustar&iacute;z<\/a><\/li>\n<\/ul>\n\n\n\n<hr class=\"wp-block-separator has-alpha-channel-opacity\">\n\n\n\n<p><strong>Focus<\/strong><br>Interbranch collaboration<\/p>\n\n<\/div>\n    <\/div>\n<\/div>\n<\/div>\n<\/div>\n\n<\/div>\n    <\/div>\n<\/div>\n\n\n\n<div style=\"height:30px\" aria-hidden=\"true\" class=\"wp-block-spacer\"><\/div>\n\n\n<!--blockstudio\/blockstudio\/anchor-->\n\n<div class=\" anchor-section\" id=\"tania\">\n\t<\/div>\n\n\n<!--blockstudio\/blockstudio\/textmedia-->\n<div id=\"blockstudio-bae37734d9ec\" class=\"px-textmedia toggle-readmore-wrapper editor-mode deactivatereadmore smallerimagesize mediaposition-left\">\n<div class=\"px-textmedia-wrapper\">\n    \n    <div class=\"px-textmedia-media\">\n                <div class=\"image\">\n            <img loading=\"lazy\" decoding=\"async\" width=\"440\" height=\"440\" src=\"https:\/\/iccal.lat\/wp-content\/uploads\/2025\/10\/tania-groppi-e1760616329595.jpeg\" class=\"attachment-600x440 size-600x440\" alt=\"\" srcset=\"https:\/\/iccal.lat\/wp-content\/uploads\/2025\/10\/tania-groppi-e1760616329595.jpeg 820w, https:\/\/iccal.lat\/wp-content\/uploads\/2025\/10\/tania-groppi-e1760616329595-300x300.jpeg 300w, https:\/\/iccal.lat\/wp-content\/uploads\/2025\/10\/tania-groppi-e1760616329595-150x150.jpeg 150w, https:\/\/iccal.lat\/wp-content\/uploads\/2025\/10\/tania-groppi-e1760616329595-768x768.jpeg 768w, https:\/\/iccal.lat\/wp-content\/uploads\/2025\/10\/tania-groppi-e1760616329595-400x400.jpeg 400w, https:\/\/iccal.lat\/wp-content\/uploads\/2025\/10\/tania-groppi-e1760616329595-600x600.jpeg 600w\" sizes=\"auto, (max-width: 440px) 100vw, 440px\" \/>        <\/div>\n        \n\n\n    <\/div>\n\n    <div class=\"px-textmedia-content\">\n        <div class=\"px-textmedia-inner\">\n            <InnerBlocks allowedBlocks=\"[&quot;core\\\/heading&quot;,&quot;core\\\/paragraph&quot;,&quot;core\\\/buttons&quot;]\" \/>\n        <\/div>\n\n            <\/div>\n<\/div>\n<\/div>\n\n\n\n\n<div style=\"height:100px\" aria-hidden=\"true\" class=\"wp-block-spacer\"><\/div>\n\n\n<!--blockstudio\/blockstudio\/anchor-->\n\n<div class=\" anchor-section\" id=\"irene\">\n\t<\/div>\n\n\n<!--blockstudio\/blockstudio\/textmedia-->\n<div id=\"blockstudio-daef2f40f439\" class=\"px-textmedia toggle-readmore-wrapper editor-mode deactivatereadmore smallerimagesize mediaposition-right\">\n<div class=\"px-textmedia-wrapper\">\n    \n    <div class=\"px-textmedia-media\">\n                <div class=\"image\">\n            <img loading=\"lazy\" decoding=\"async\" width=\"440\" height=\"440\" src=\"https:\/\/iccal.lat\/wp-content\/uploads\/2025\/10\/irene-spigno-scaled-e1770735581415.jpg\" class=\"attachment-600x440 size-600x440\" alt=\"\" srcset=\"https:\/\/iccal.lat\/wp-content\/uploads\/2025\/10\/irene-spigno-scaled-e1770735581415.jpg 1708w, https:\/\/iccal.lat\/wp-content\/uploads\/2025\/10\/irene-spigno-scaled-e1770735581415-300x300.jpg 300w, https:\/\/iccal.lat\/wp-content\/uploads\/2025\/10\/irene-spigno-scaled-e1770735581415-1024x1024.jpg 1024w, https:\/\/iccal.lat\/wp-content\/uploads\/2025\/10\/irene-spigno-scaled-e1770735581415-150x150.jpg 150w, https:\/\/iccal.lat\/wp-content\/uploads\/2025\/10\/irene-spigno-scaled-e1770735581415-768x768.jpg 768w, https:\/\/iccal.lat\/wp-content\/uploads\/2025\/10\/irene-spigno-scaled-e1770735581415-1536x1536.jpg 1536w, https:\/\/iccal.lat\/wp-content\/uploads\/2025\/10\/irene-spigno-scaled-e1770735581415-400x400.jpg 400w, https:\/\/iccal.lat\/wp-content\/uploads\/2025\/10\/irene-spigno-scaled-e1770735581415-600x600.jpg 600w\" sizes=\"auto, (max-width: 440px) 100vw, 440px\" \/>        <\/div>\n        \n\n\n    <\/div>\n\n    <div class=\"px-textmedia-content\">\n        <div class=\"px-textmedia-inner\">\n            <InnerBlocks allowedBlocks=\"[&quot;core\\\/heading&quot;,&quot;core\\\/paragraph&quot;,&quot;core\\\/buttons&quot;]\" \/>\n        <\/div>\n\n            <\/div>\n<\/div>\n<\/div>\n\n\n\n\n<div style=\"height:100px\" aria-hidden=\"true\" class=\"wp-block-spacer\"><\/div>\n\n\n<!--blockstudio\/blockstudio\/anchor-->\n\n<div class=\" anchor-section\" id=\"giacomo\">\n\t<\/div>\n\n\n<!--blockstudio\/blockstudio\/textmedia-->\n<div id=\"blockstudio-2965b5b1111f\" class=\"px-textmedia toggle-readmore-wrapper editor-mode deactivatereadmore smallerimagesize mediaposition-left\">\n<div class=\"px-textmedia-wrapper\">\n    \n    <div class=\"px-textmedia-media\">\n                <div class=\"image\">\n            <img loading=\"lazy\" decoding=\"async\" width=\"440\" height=\"440\" src=\"https:\/\/iccal.lat\/wp-content\/uploads\/2025\/10\/giacomo-giorgini-pignatiello-e1760616133800.jpeg\" class=\"attachment-600x440 size-600x440\" alt=\"\" srcset=\"https:\/\/iccal.lat\/wp-content\/uploads\/2025\/10\/giacomo-giorgini-pignatiello-e1760616133800.jpeg 738w, https:\/\/iccal.lat\/wp-content\/uploads\/2025\/10\/giacomo-giorgini-pignatiello-e1760616133800-300x300.jpeg 300w, https:\/\/iccal.lat\/wp-content\/uploads\/2025\/10\/giacomo-giorgini-pignatiello-e1760616133800-150x150.jpeg 150w, https:\/\/iccal.lat\/wp-content\/uploads\/2025\/10\/giacomo-giorgini-pignatiello-e1760616133800-400x400.jpeg 400w, https:\/\/iccal.lat\/wp-content\/uploads\/2025\/10\/giacomo-giorgini-pignatiello-e1760616133800-600x600.jpeg 600w\" sizes=\"auto, (max-width: 440px) 100vw, 440px\" \/>        <\/div>\n        \n\n\n    <\/div>\n\n    <div class=\"px-textmedia-content\">\n        <div class=\"px-textmedia-inner\">\n            <InnerBlocks allowedBlocks=\"[&quot;core\\\/heading&quot;,&quot;core\\\/paragraph&quot;,&quot;core\\\/buttons&quot;]\" \/>\n        <\/div>\n\n            <\/div>\n<\/div>\n<\/div>\n\n\n\n\n<div style=\"height:100px\" aria-hidden=\"true\" class=\"wp-block-spacer\"><\/div>\n\n\n<!--blockstudio\/blockstudio\/anchor-->\n\n<div class=\" anchor-section\" id=\"andrea\">\n\t<\/div>\n\n\n<!--blockstudio\/blockstudio\/textmedia-->\n<div id=\"blockstudio-f5518825024e\" class=\"px-textmedia toggle-readmore-wrapper editor-mode deactivatereadmore smallerimagesize mediaposition-right\">\n<div class=\"px-textmedia-wrapper\">\n    \n    <div class=\"px-textmedia-media\">\n                <div class=\"image\">\n            <img loading=\"lazy\" decoding=\"async\" width=\"440\" height=\"440\" src=\"https:\/\/iccal.lat\/wp-content\/uploads\/2025\/10\/andrea-cristina-robles-ustariz-e1760616091198.jpeg\" class=\"attachment-600x440 size-600x440\" alt=\"\" srcset=\"https:\/\/iccal.lat\/wp-content\/uploads\/2025\/10\/andrea-cristina-robles-ustariz-e1760616091198.jpeg 1000w, https:\/\/iccal.lat\/wp-content\/uploads\/2025\/10\/andrea-cristina-robles-ustariz-e1760616091198-300x300.jpeg 300w, https:\/\/iccal.lat\/wp-content\/uploads\/2025\/10\/andrea-cristina-robles-ustariz-e1760616091198-150x150.jpeg 150w, https:\/\/iccal.lat\/wp-content\/uploads\/2025\/10\/andrea-cristina-robles-ustariz-e1760616091198-768x768.jpeg 768w, https:\/\/iccal.lat\/wp-content\/uploads\/2025\/10\/andrea-cristina-robles-ustariz-e1760616091198-400x400.jpeg 400w, https:\/\/iccal.lat\/wp-content\/uploads\/2025\/10\/andrea-cristina-robles-ustariz-e1760616091198-600x600.jpeg 600w\" sizes=\"auto, (max-width: 440px) 100vw, 440px\" \/>        <\/div>\n        \n\n\n    <\/div>\n\n    <div class=\"px-textmedia-content\">\n        <div class=\"px-textmedia-inner\">\n            <InnerBlocks allowedBlocks=\"[&quot;core\\\/heading&quot;,&quot;core\\\/paragraph&quot;,&quot;core\\\/buttons&quot;]\" \/>\n        <\/div>\n\n            <\/div>\n<\/div>\n<\/div>\n\n\n\n\n<div style=\"height:100px\" aria-hidden=\"true\" class=\"wp-block-spacer\"><\/div>\n\n\n<!--blockstudio\/blockstudio\/frame-layout--><div id=\"fl-blockstudio-38d45f5c5b51\" class=\"fl px-frame-layout    activateBorderRadius \" data-frame=\"lightbgbox\" data-layout=\"layout-reduced\" data-margin-before=\"default\" data-margin-after=\"default\" >\n    <div class=\"inner\">\n        <div >\n\n<h2 class=\"wp-block-heading has-text-align-center\">Introductory readings<\/h2>\n\n\n\n<ul class=\"wp-block-list\">\n<li>Albanesi, E. <em>Teoria e tecnica legislativa nel sistema costituzionale<\/em>. Editoriale Scientifica, 2019.<\/li>\n\n\n\n<li>Barsotti, V., Carozza, P. G., Cartabia, M., &amp; Simoncini, A. <em>Italian Constitutional Justice in Global Context<\/em>. Oxford University Press, 2015.<\/li>\n\n\n\n<li>Conde, E. A. \u201cLa ejecuci\u00f3n de las resoluciones del Tribunal Constitucional. \u00bfUn cambio de modelo de justicia constitucional?\u201d <em>Revista de Derecho Pol\u00edtico, 1<\/em>(101), 2018, 661\u2013701.<\/li>\n\n\n\n<li>Figueruelo Burrieza, A., &amp; Villacorta Mancebo, L.-Q. \u201cLa relaci\u00f3n entre el Legislador y el Tribunal Constitucional: una panor\u00e1mica sobre el control y la cooperaci\u00f3n a desarrollar.\u201d <em>Asamblea. Revista Parlamentaria de la Asamblea de Madrid, (38)<\/em>, 2018, 47\u201387.<\/li>\n\n\n\n<li>G\u00f3mez-Vel\u00e1squez, A. \u201cLa colaboraci\u00f3n arm\u00f3nica entre poderes: un principio inherente y necesario para el constitucionalismo transformador latinoamericano.\u201d <em>Revista de Investiga\u00e7\u00f5es Constitucionais, 10<\/em>(2), e238, 2023.<\/li>\n\n\n\n<li>G\u00f3mez-Vel\u00e1squez, A. <em>El deber de colaboraci\u00f3n arm\u00f3nica entre los poderes p\u00fablicos<\/em>. Tirant lo Blanch, 2023.<\/li>\n\n\n\n<li>Kavanagh, A. <em>The Collaborative Constitution<\/em>. Cambridge University Press, 2023.<\/li>\n\n\n\n<li>Kosa\u0159, D., \u0160ipulov\u00e1, K., &amp; Urb\u00e1nikov\u00e1, M. \u201cInformality and Courts: Uneasy Partnership.\u201d <em>German Law Journal, 24<\/em>(8), 2023, 1239\u20131266.<\/li>\n\n\n\n<li>Ospina-Celis, D. F. \u201cEl exhorto al legislador en Colombia y su eficacia como mecanismo de colaboraci\u00f3n arm\u00f3nica entre las ramas.\u201d <em>Anuario<\/em>, 2018, 55(7).<\/li>\n\n\n\n<li>Roa Roa, J. E. <em>Control de constitucionalidad deliberativo: El ciudadano ante la justicia constitucional, la acci\u00f3n p\u00fablica de inconstitucionalidad y la legitimidad democr\u00e1tica del control judicial al legislador<\/em>. Universidad Externado, 2020.<\/li>\n\n\n\n<li>Vasino, G. <em>Sindacato di costituzionalit\u00e0 e discrezionalit\u00e0 del legislatore. Tutela sostanziale dei diritti e tecniche decisorie<\/em>. Giappichelli, 2024.<\/li>\n<\/ul>\n\n<\/div>\n    <\/div>\n<\/div>\n\n\n<!--blockstudio\/blockstudio\/frame-layout--><div id=\"fl-blockstudio-dfa142b994ef\" class=\"fl px-frame-layout dekoposition_center    \" data-frame=\"dekobox\" data-layout=\"layout-full-reduced-small\" data-margin-before=\"medium\" data-margin-after=\"default\" >\n    <div class=\"inner\">\n        <div >\n\n<div class=\"wp-block-columns is-layout-flex wp-container-core-columns-is-layout-9d6595d7 wp-block-columns-is-layout-flex\">\n<div class=\"wp-block-column is-layout-flow wp-block-column-is-layout-flow\">\n<h2 class=\"wp-block-heading\">Get to know our ICCAL projects<\/h2>\n\n\n\n<p>Discover the projects that bring ICCAL to life through research, collaboration, and local initiatives.<\/p>\n\n\n\n<div style=\"height:45px\" aria-hidden=\"true\" class=\"wp-block-spacer\"><\/div>\n<\/div>\n\n\n\n<div class=\"wp-block-column is-layout-flow wp-block-column-is-layout-flow\"><\/div>\n<\/div>\n\n\n<!--blockstudio\/blockstudio\/teaser-->\n<div id=\"blockstudio-8731c26d8417\" class=\"px-teaser treecolumns\">\n\t<div class=\"px-teaser-inner\">\n\n\t\t\t\t\t<div class=\"item fourthColor\">\n                                    <a href=\"https:\/\/iccal.lat\/en\/iccal-lab\/judicial-autonomy-democratic-resilience\/\" class=\"full-link\"  aria-label=\"Courts and Judges: Friends or Foes of Democratic Resilience? (COFFIN)\"><\/a>\n                \t\t\t\t\n\t\t\t\t<div class=\"content\">\n\t\t\t\t\t\t\t\t\t\t\t<h5 class=\"headline text-left\">Courts and Judges: Friends or Foes of Democratic Resilience? (COFFIN)<\/h5>\n\t\t\t\t\t\n\t\t\t\t\t                                            <div class=\"wp-block-buttons\"><div class=\"wp-block-button is-style-arrow text-left\">\n                                                    <a class=\"wp-block-button__link wp-element-button\" href=\"https:\/\/iccal.lat\/en\/iccal-lab\/judicial-autonomy-democratic-resilience\/\" >Discover more<\/a>\n                                                <\/div><\/div>\n                    \t\t\t\t<\/div>\n\t\t\t<\/div>\n\t\t\t\t\t<div class=\"item secondColor\">\n                                    <a href=\"https:\/\/iccal.lat\/en\/iccal-lab\/climate-litigation-intergenerational-justice-democracy\/\" class=\"full-link\"  aria-label=\"Democratic Resilience, Climate Litigation, and Intergenerational Justice\"><\/a>\n                \t\t\t\t\n\t\t\t\t<div class=\"content\">\n\t\t\t\t\t\t\t\t\t\t\t<h5 class=\"headline text-left\">Democratic Resilience, Climate Litigation, and Intergenerational Justice<\/h5>\n\t\t\t\t\t\n\t\t\t\t\t                                            <div class=\"wp-block-buttons\"><div class=\"wp-block-button is-style-arrow text-left\">\n                                                    <a class=\"wp-block-button__link wp-element-button\" href=\"https:\/\/iccal.lat\/en\/iccal-lab\/climate-litigation-intergenerational-justice-democracy\/\" >Discover more<\/a>\n                                                <\/div><\/div>\n                    \t\t\t\t<\/div>\n\t\t\t<\/div>\n\t\t\t\t\t<div class=\"item mainColor\">\n                                    <a href=\"https:\/\/iccal.lat\/en\/iccal-lab\/citizens-assemblies-law-democratic-institutionalization\/\" class=\"full-link\"  aria-label=\"From Innovation to Institution: Embedding Citizens\u2019 Assemblies in the Law\"><\/a>\n                \t\t\t\t\n\t\t\t\t<div class=\"content\">\n\t\t\t\t\t\t\t\t\t\t\t<h5 class=\"headline text-left\">From Innovation to Institution: Embedding Citizens\u2019 Assemblies in the Law<\/h5>\n\t\t\t\t\t\n\t\t\t\t\t                                            <div class=\"wp-block-buttons\"><div class=\"wp-block-button is-style-arrow text-left\">\n                                                    <a class=\"wp-block-button__link wp-element-button\" href=\"https:\/\/iccal.lat\/en\/iccal-lab\/citizens-assemblies-law-democratic-institutionalization\/\" >Discover more<\/a>\n                                                <\/div><\/div>\n                    \t\t\t\t<\/div>\n\t\t\t<\/div>\n\t\t\t<\/div>\n<\/div>\n\n\n\n<\/div>\n    <\/div>\n<\/div>\n\n\n\n<div style=\"height:30px\" aria-hidden=\"true\" class=\"wp-block-spacer\"><\/div>\n","protected":false},"excerpt":{"rendered":"","protected":false},"author":4,"featured_media":0,"parent":2599,"menu_order":58,"comment_status":"closed","ping_status":"closed","template":"","meta":{"_acf_changed":false,"footnotes":""},"class_list":["post-2608","page","type-page","status-publish","hentry"],"acf":[],"yoast_head":"<title>Collaborative Constitutionalism Democratic Resilience: RESPO<\/title>\n<meta name=\"description\" content=\"How Collaborative Constitutionalism Democratic Resilience strengthens socioeconomic rights through cooperation between courts and political institutions.\" \/>\n<meta name=\"robots\" content=\"index, follow, max-snippet:-1, max-image-preview:large, max-video-preview:-1\" \/>\n<link rel=\"canonical\" href=\"https:\/\/iccal.lat\/en\/iccal-lab\/collaborative-constitutionalism-democratic-resilience\/\" \/>\n<meta property=\"og:locale\" content=\"en_US\" \/>\n<meta property=\"og:type\" content=\"article\" \/>\n<meta property=\"og:title\" content=\"Collaborative Constitutionalism Democratic Resilience: RESPO\" \/>\n<meta property=\"og:description\" content=\"How Collaborative Constitutionalism Democratic Resilience strengthens socioeconomic rights through cooperation between courts and political institutions.\" \/>\n<meta property=\"og:url\" content=\"https:\/\/iccal.lat\/en\/iccal-lab\/collaborative-constitutionalism-democratic-resilience\/\" \/>\n<meta property=\"og:site_name\" content=\"ICCAL\" \/>\n<meta property=\"article:modified_time\" content=\"2026-03-16T11:00:20+00:00\" \/>\n<meta name=\"twitter:card\" content=\"summary_large_image\" \/>\n<meta name=\"twitter:label1\" content=\"Est. reading time\" \/>\n\t<meta name=\"twitter:data1\" content=\"4 minutes\" \/>\n<script type=\"application\/ld+json\" class=\"yoast-schema-graph\">{\"@context\":\"https:\\\/\\\/schema.org\",\"@graph\":[{\"@type\":\"WebPage\",\"@id\":\"https:\\\/\\\/iccal.lat\\\/en\\\/iccal-lab\\\/collaborative-constitutionalism-democratic-resilience\\\/\",\"url\":\"https:\\\/\\\/iccal.lat\\\/en\\\/iccal-lab\\\/collaborative-constitutionalism-democratic-resilience\\\/\",\"name\":\"Collaborative Constitutionalism Democratic Resilience: RESPO\",\"isPartOf\":{\"@id\":\"https:\\\/\\\/iccal.lat\\\/en\\\/#website\"},\"datePublished\":\"2025-10-06T18:52:09+00:00\",\"dateModified\":\"2026-03-16T11:00:20+00:00\",\"description\":\"How Collaborative Constitutionalism Democratic Resilience strengthens socioeconomic rights through cooperation between courts and political institutions.\",\"breadcrumb\":{\"@id\":\"https:\\\/\\\/iccal.lat\\\/en\\\/iccal-lab\\\/collaborative-constitutionalism-democratic-resilience\\\/#breadcrumb\"},\"inLanguage\":\"en-US\",\"potentialAction\":[{\"@type\":\"ReadAction\",\"target\":[\"https:\\\/\\\/iccal.lat\\\/en\\\/iccal-lab\\\/collaborative-constitutionalism-democratic-resilience\\\/\"]}]},{\"@type\":\"BreadcrumbList\",\"@id\":\"https:\\\/\\\/iccal.lat\\\/en\\\/iccal-lab\\\/collaborative-constitutionalism-democratic-resilience\\\/#breadcrumb\",\"itemListElement\":[{\"@type\":\"ListItem\",\"position\":1,\"name\":\"Startseite\",\"item\":\"https:\\\/\\\/iccal.lat\\\/en\\\/\"},{\"@type\":\"ListItem\",\"position\":2,\"name\":\"ICCAL Lab\",\"item\":\"https:\\\/\\\/iccal.lat\\\/en\\\/iccal-lab\\\/\"},{\"@type\":\"ListItem\",\"position\":3,\"name\":\"REconfiguring State POwers in the 21st Century as a Tool for Democratic Resilience (RESPO)\"}]},{\"@type\":\"WebSite\",\"@id\":\"https:\\\/\\\/iccal.lat\\\/en\\\/#website\",\"url\":\"https:\\\/\\\/iccal.lat\\\/en\\\/\",\"name\":\"ICCAL\",\"description\":\"Ius Constitutionale Commune en Am\u00e9rica Latina\",\"potentialAction\":[{\"@type\":\"SearchAction\",\"target\":{\"@type\":\"EntryPoint\",\"urlTemplate\":\"https:\\\/\\\/iccal.lat\\\/en\\\/?s={search_term_string}\"},\"query-input\":{\"@type\":\"PropertyValueSpecification\",\"valueRequired\":true,\"valueName\":\"search_term_string\"}}],\"inLanguage\":\"en-US\"}]}<\/script>","yoast_head_json":{"title":"Collaborative Constitutionalism Democratic Resilience: RESPO","description":"How Collaborative Constitutionalism Democratic Resilience strengthens socioeconomic rights through cooperation between courts and political institutions.","robots":{"index":"index","follow":"follow","max-snippet":"max-snippet:-1","max-image-preview":"max-image-preview:large","max-video-preview":"max-video-preview:-1"},"canonical":"https:\/\/iccal.lat\/en\/iccal-lab\/collaborative-constitutionalism-democratic-resilience\/","og_locale":"en_US","og_type":"article","og_title":"Collaborative Constitutionalism Democratic Resilience: RESPO","og_description":"How Collaborative Constitutionalism Democratic Resilience strengthens socioeconomic rights through cooperation between courts and political institutions.","og_url":"https:\/\/iccal.lat\/en\/iccal-lab\/collaborative-constitutionalism-democratic-resilience\/","og_site_name":"ICCAL","article_modified_time":"2026-03-16T11:00:20+00:00","twitter_card":"summary_large_image","twitter_misc":{"Est. reading time":"4 minutes"},"schema":{"@context":"https:\/\/schema.org","@graph":[{"@type":"WebPage","@id":"https:\/\/iccal.lat\/en\/iccal-lab\/collaborative-constitutionalism-democratic-resilience\/","url":"https:\/\/iccal.lat\/en\/iccal-lab\/collaborative-constitutionalism-democratic-resilience\/","name":"Collaborative Constitutionalism Democratic Resilience: RESPO","isPartOf":{"@id":"https:\/\/iccal.lat\/en\/#website"},"datePublished":"2025-10-06T18:52:09+00:00","dateModified":"2026-03-16T11:00:20+00:00","description":"How Collaborative Constitutionalism Democratic Resilience strengthens socioeconomic rights through cooperation between courts and political institutions.","breadcrumb":{"@id":"https:\/\/iccal.lat\/en\/iccal-lab\/collaborative-constitutionalism-democratic-resilience\/#breadcrumb"},"inLanguage":"en-US","potentialAction":[{"@type":"ReadAction","target":["https:\/\/iccal.lat\/en\/iccal-lab\/collaborative-constitutionalism-democratic-resilience\/"]}]},{"@type":"BreadcrumbList","@id":"https:\/\/iccal.lat\/en\/iccal-lab\/collaborative-constitutionalism-democratic-resilience\/#breadcrumb","itemListElement":[{"@type":"ListItem","position":1,"name":"Startseite","item":"https:\/\/iccal.lat\/en\/"},{"@type":"ListItem","position":2,"name":"ICCAL Lab","item":"https:\/\/iccal.lat\/en\/iccal-lab\/"},{"@type":"ListItem","position":3,"name":"REconfiguring State POwers in the 21st Century as a Tool for Democratic Resilience (RESPO)"}]},{"@type":"WebSite","@id":"https:\/\/iccal.lat\/en\/#website","url":"https:\/\/iccal.lat\/en\/","name":"ICCAL","description":"Ius Constitutionale Commune en Am\u00e9rica Latina","potentialAction":[{"@type":"SearchAction","target":{"@type":"EntryPoint","urlTemplate":"https:\/\/iccal.lat\/en\/?s={search_term_string}"},"query-input":{"@type":"PropertyValueSpecification","valueRequired":true,"valueName":"search_term_string"}}],"inLanguage":"en-US"}]}},"_links":{"self":[{"href":"https:\/\/iccal.lat\/en\/wp-json\/wp\/v2\/pages\/2608","targetHints":{"allow":["GET"]}}],"collection":[{"href":"https:\/\/iccal.lat\/en\/wp-json\/wp\/v2\/pages"}],"about":[{"href":"https:\/\/iccal.lat\/en\/wp-json\/wp\/v2\/types\/page"}],"author":[{"embeddable":true,"href":"https:\/\/iccal.lat\/en\/wp-json\/wp\/v2\/users\/4"}],"replies":[{"embeddable":true,"href":"https:\/\/iccal.lat\/en\/wp-json\/wp\/v2\/comments?post=2608"}],"version-history":[{"count":12,"href":"https:\/\/iccal.lat\/en\/wp-json\/wp\/v2\/pages\/2608\/revisions"}],"predecessor-version":[{"id":5129,"href":"https:\/\/iccal.lat\/en\/wp-json\/wp\/v2\/pages\/2608\/revisions\/5129"}],"up":[{"embeddable":true,"href":"https:\/\/iccal.lat\/en\/wp-json\/wp\/v2\/pages\/2599"}],"wp:attachment":[{"href":"https:\/\/iccal.lat\/en\/wp-json\/wp\/v2\/media?parent=2608"}],"curies":[{"name":"wp","href":"https:\/\/api.w.org\/{rel}","templated":true}]}}