{"id":2474,"date":"2025-10-01T13:57:57","date_gmt":"2025-10-01T11:57:57","guid":{"rendered":"https:\/\/iccal.lat\/?page_id=2474"},"modified":"2025-11-25T14:19:15","modified_gmt":"2025-11-25T13:19:15","slug":"tandem-group","status":"publish","type":"page","link":"https:\/\/iccal.lat\/en\/about-us\/projects\/tandem-group\/","title":{"rendered":"Tandem Group"},"content":{"rendered":"<!--blockstudio\/blockstudio\/banner--><div id=\"px-banner-blockstudio-df03f5289be5\" class=\"px-banner bannerMedia-image   \">\n    <div class=\"px-banner-inner\">\n\n\t\n\n\t<div class=\"text\">\n\t\t<div class=\"text-inner\">\n             <div class=\"text\">\n\n<h1 class=\"wp-block-heading\">Tandem Group on Transformations of Public Law in Latin America<\/h1>\n\n\n\n<p>How can legal clinics, social movements, and strategic litigation contribute to transformative constitutionalism?<\/p>\n\n<\/div>\n\t\t<\/div>\n\t<\/div>\n    \n    <\/div>\n        <\/div>\n\n\n<script type=\"text\/javascript\" class=\"banner-video-script\">\nfunction activateVideo(video, uid) {\n    var el = document.getElementById('vid-' + video + '-uid' + uid);\n    el.innerHTML = '<div class=\"video\"><iframe src=\"https:\/\/www.youtube-nocookie.com\/embed\/' + video +\n        '?rel=0&#038;autoplay=0&#038;showinfo=0&#038;cc_load_policy=1&#038;wmode=transparent\" allowfullscreen>';\n}\n\nfunction activateVimeoVideo(video, uid) {\n    var el = document.getElementById('vid-vimeo-' + video + '-uid' + uid);\n    el.innerHTML = '<div class=\"video\"><iframe loading=\"lazy\" src=\"https:\/\/player.vimeo.com\/video\/' + video +\n        '?dnt=1\" width=\"1000\" height=\"750\" frameborder=\"0\" allow=\"autoplay; fullscreen; picture-in-picture; clipboard-write; encrypted-media; web-share\" referrerpolicy=\"strict-origin-when-cross-origin\" allowfullscreen>';\n}\n<\/script>\n\n\n\n\n<div style=\"height:100px\" aria-hidden=\"true\" class=\"wp-block-spacer\"><\/div>\n\n\n\n<div class=\"wp-block-columns is-style-gap-large is-layout-flex wp-container-core-columns-is-layout-9d6595d7 wp-block-columns-is-layout-flex\">\n<div class=\"wp-block-column is-layout-flow wp-block-column-is-layout-flow\" style=\"flex-basis:66.66%\"><!--blockstudio\/blockstudio\/textbox-->\n<div id=\"blockstudio-d7ea57969671\"\n    class=\"px-textbox toggle-readmore-wrapper editor-mode\">\n\n    \n        <p style=\"color:#888;font-style:italic;margin-bottom:1rem;\">\n        Here you can insert a heading, text and buttons if required.\n    <\/p>\n    \n    <div class=\"px-textbox-inner\">\n        <InnerBlocks allowedBlocks=\"[&quot;core\\\/heading&quot;,&quot;core\\\/paragraph&quot;,&quot;core\\\/buttons&quot;]\" \/>\n    <\/div>\n\n    <\/div>\n\n<\/div>\n\n\n\n<div class=\"wp-block-column is-layout-flow wp-block-column-is-layout-flow\" style=\"flex-basis:33.33%\"><!--blockstudio\/blockstudio\/frame-layout--><div id=\"fl-blockstudio-69605304024a\" class=\"fl px-frame-layout    activateBorderRadius \" data-frame=\"lightbgbox\" data-layout=\"default\" data-margin-before=\"default\" data-margin-after=\"default\" >\n    <div class=\"inner\">\n        <div >\n\n<h5 class=\"wp-block-heading\">Project members<\/h5>\n\n\n\n<p><strong>PhD researchers:<\/strong><br>Joaqu\u00edn Garz\u00f3n<br>Carolina Bejarano Mart\u00ednez<\/p>\n\n\n\n<hr class=\"wp-block-separator has-alpha-channel-opacity is-style-wide\"\/>\n\n\n\n<p><strong>Group leader:<\/strong><br>Miguel R\u00e1bago Dorbecker (Universidad de los Andes \u2013 MPIL)<\/p>\n\n\n\n<hr class=\"wp-block-separator has-alpha-channel-opacity\"\/>\n\n<\/div>\n    <\/div>\n<\/div>\n<\/div>\n<\/div>\n\n\n\n<div style=\"height:100px\" aria-hidden=\"true\" class=\"wp-block-spacer\"><\/div>\n\n\n<!--blockstudio\/blockstudio\/textmedia-->\n<div id=\"blockstudio-7c25748fc8d6\" class=\"px-textmedia toggle-readmore-wrapper editor-mode mediaposition-left\">\n<div class=\"px-textmedia-wrapper\">\n    \n    <div class=\"px-textmedia-media\">\n                <div class=\"image\">\n            <img loading=\"lazy\" decoding=\"async\" width=\"485\" height=\"423\" src=\"https:\/\/iccal.lat\/wp-content\/uploads\/2025\/10\/tandem.png\" class=\"attachment-600x440 size-600x440\" alt=\"\" srcset=\"https:\/\/iccal.lat\/wp-content\/uploads\/2025\/10\/tandem.png 485w, https:\/\/iccal.lat\/wp-content\/uploads\/2025\/10\/tandem-300x262.png 300w\" sizes=\"auto, (max-width: 485px) 100vw, 485px\" \/>        <\/div>\n        \n\n\n    <\/div>\n\n    <div class=\"px-textmedia-content\">\n        <div class=\"px-textmedia-inner\">\n            <InnerBlocks allowedBlocks=\"[&quot;core\\\/heading&quot;,&quot;core\\\/paragraph&quot;,&quot;core\\\/buttons&quot;]\" \/>\n        <\/div>\n\n            <\/div>\n<\/div>\n<\/div>\n\n\n\n<!--blockstudio\/blockstudio\/frame-layout--><div id=\"fl-blockstudio-c92164b81271\" class=\"fl px-frame-layout     \" data-frame=\"default\" data-layout=\"default\" data-margin-before=\"large\" data-margin-after=\"large\">\n    <div class=\"inner\">\n        <div>\n<!--blockstudio\/blockstudio\/publications--><div id=\"px-publications-blockstudio-309611d1a67f\" class=\"px-publications\">\n\n<div class=\"publications-container\">\n\n\n<div class=\"publications-search-section\">\n\n<div class=\"publications-title\">\n<h2>Our publications<\/h2><p><\/p><\/div>\n\n\n<div class=\"cta_inner\">\n\n<form class=\"publications-search-form_block\" action=\"https:\/\/iccal.lat\/en\/publications\/\" method=\"get\">\n\n<div class=\"search-input-wrapper\">\n\n<input type=\"text\" name=\"publication_search\" placeholder=\"Topic, publication...\" class=\"search-input\" aria-label=\"Search publications\" value=\"\">\n\n<\/div>\n\n\n<div class=\"search-buttons\">\n\n<button type=\"submit\" class=\"btn-search wp-block-button__link\">\n\nSearch\n<\/button>\n\n<\/div>\n\n<\/form>\n\n\n<a href=\"https:\/\/iccal.lat\/en\/?s=\" class=\"btn-advanced-search\">\n\nGo to advanced search\n<\/a>\n\n\n<\/div>\n\n\n<div class=\"all-publications-link\">\n\n<div class=\"wp-block-buttons\">\n\n<div class=\"wp-block-button is-style-outline\">\n\n\n<a href=\"https:\/\/iccal.lat\/en\/publications\/?publication_search&amp;publication_keyword=venezuela&amp;authors&amp;date_from&amp;date_to&amp;publication_type&amp;region&amp;sort=date_desc&amp;disable_extended_search=1\" class=\"wp-block-button__link wp-element-button\">\n\nAll publications\n<\/a>\n\n\n<\/div>\n\n<\/div>\n\n<\/div>\n\n<\/div>\n\n\n\n<div class=\"publications-preview-section\">\n\n\n<div class=\"publications-images\">\n\n\n<div class=\"publication-image-wrapper\" tabindex=\"0\">\n\n\n<img loading=\"lazy\" decoding=\"async\" width=\"201\" height=\"300\" src=\"https:\/\/iccal.lat\/wp-content\/uploads\/2026\/02\/474895-201x300.jpg\" class=\"attachment-medium size-medium wp-post-image\" alt=\"La respuesta del &lt;i&gt;Ius Constitutionale Commune&lt;\/i&gt; a la autocratizaci&oacute;n\" srcset=\"https:\/\/iccal.lat\/wp-content\/uploads\/2026\/02\/474895-201x300.jpg 201w, https:\/\/iccal.lat\/wp-content\/uploads\/2026\/02\/474895-686x1024.jpg 686w, https:\/\/iccal.lat\/wp-content\/uploads\/2026\/02\/474895-768x1147.jpg 768w, https:\/\/iccal.lat\/wp-content\/uploads\/2026\/02\/474895.jpg 800w\" sizes=\"auto, (max-width: 201px) 100vw, 201px\">\n\n\n<div class=\"hover_box\">\n\n<h5>La respuesta del &lt;i&gt;Ius Constitutionale Commune&lt;\/i&gt; a la autocratizaci&oacute;n<\/h5>\n\n\n<div class=\"single-publications-link\">\n\n<div class=\"wp-block-button\">\n\n<a href=\"https:\/\/iccal.lat\/en\/publications\/ius-constitutionale-commune-autocratizacion-venezuela\/\" class=\"wp-block-button__link wp-element-button\">\n\nDiscover\n<\/a>\n\n<\/div>\n\n<\/div>\n\n<\/div>\n\n<\/div>\n\n\n<div class=\"publication-image-wrapper\" tabindex=\"0\">\n\n\n<img loading=\"lazy\" decoding=\"async\" width=\"209\" height=\"300\" src=\"https:\/\/iccal.lat\/wp-content\/uploads\/2026\/02\/9788410959217_1-209x300.jpg\" class=\"attachment-medium size-medium wp-post-image\" alt=\"La jurisdicci&oacute;n constitucional en Am&eacute;rica Latina.\" srcset=\"https:\/\/iccal.lat\/wp-content\/uploads\/2026\/02\/9788410959217_1-209x300.jpg 209w, https:\/\/iccal.lat\/wp-content\/uploads\/2026\/02\/9788410959217_1-714x1024.jpg 714w, https:\/\/iccal.lat\/wp-content\/uploads\/2026\/02\/9788410959217_1-768x1101.jpg 768w, https:\/\/iccal.lat\/wp-content\/uploads\/2026\/02\/9788410959217_1.jpg 886w\" sizes=\"auto, (max-width: 209px) 100vw, 209px\">\n\n\n<div class=\"hover_box\">\n\n<h5>La jurisdicci&oacute;n constitucional en Am&eacute;rica Latina.<\/h5>\n\n\n<div class=\"single-publications-link\">\n\n<div class=\"wp-block-button\">\n\n<a href=\"https:\/\/iccal.lat\/en\/publications\/jurisdiccion-constitucional-en-america-latina-volumen-2\/\" class=\"wp-block-button__link wp-element-button\">\n\nDiscover\n<\/a>\n\n<\/div>\n\n<\/div>\n\n<\/div>\n\n<\/div>\n\n\n<div class=\"publication-image-wrapper\" tabindex=\"0\">\n\n\n<img loading=\"lazy\" decoding=\"async\" width=\"209\" height=\"300\" src=\"https:\/\/iccal.lat\/wp-content\/uploads\/2026\/02\/9788411693431_1-209x300.jpg\" class=\"attachment-medium size-medium wp-post-image\" alt=\"Construcci&oacute;n de un &lt;i&gt;Ius Commune&lt;\/i&gt; del derecho a un ambiente sano y la justicia clim&aacute;tica\" srcset=\"https:\/\/iccal.lat\/wp-content\/uploads\/2026\/02\/9788411693431_1-209x300.jpg 209w, https:\/\/iccal.lat\/wp-content\/uploads\/2026\/02\/9788411693431_1-715x1024.jpg 715w, https:\/\/iccal.lat\/wp-content\/uploads\/2026\/02\/9788411693431_1-768x1100.jpg 768w, https:\/\/iccal.lat\/wp-content\/uploads\/2026\/02\/9788411693431_1.jpg 886w\" sizes=\"auto, (max-width: 209px) 100vw, 209px\">\n\n\n<div class=\"hover_box\">\n\n<h5>Construcci&oacute;n de un &lt;i&gt;Ius Commune&lt;\/i&gt; del derecho a un ambiente sano y la justicia clim&aacute;tica<\/h5>\n\n\n<div class=\"single-publications-link\">\n\n<div class=\"wp-block-button\">\n\n<a href=\"https:\/\/iccal.lat\/en\/publications\/ius-commune-derecho-ambiente-sano-justicia-climatica\/\" class=\"wp-block-button__link wp-element-button\">\n\nDiscover\n<\/a>\n\n<\/div>\n\n<\/div>\n\n<\/div>\n\n<\/div>\n\n\n<\/div>\n\n\n\n<\/div>\n\n\n<\/div>\n\n<\/div>\n<\/div>\n    <\/div>\n<\/div>\n\n\n\n<h2 class=\"wp-block-heading\">More about our project<\/h2>\n\n\n<!--blockstudio\/blockstudio\/teaser-->\n<div id=\"blockstudio-6fb659c8f5cf\" class=\"px-teaser fourcolumns\">\n\t<div class=\"px-teaser-inner\">\n\n\t\t\t\t\t<div class=\"item mainColorLight\">\n                                    <a href=\"https:\/\/www.youtube.com\/watch?v=LrdLYHhX01E\" class=\"full-link\" target=\"_blank\" rel=\"noopener\" aria-label=\"Tandem Team presentation\"><\/a>\n                \t\t\t\t\n\t\t\t\t<div class=\"content\">\n\t\t\t\t\t\t\t\t\t\t\t<h4 class=\"headline text-left\">Tandem Team presentation<\/h4>\n\t\t\t\t\t\n\t\t\t\t\t                                            <div class=\"wp-block-buttons\"><div class=\"wp-block-button is-style-arrow text-left\">\n                                                    <a class=\"wp-block-button__link wp-element-button\" href=\"https:\/\/www.youtube.com\/watch?v=LrdLYHhX01E\" >Watch video<\/a>\n                                                <\/div><\/div>\n                    \t\t\t\t<\/div>\n\t\t\t<\/div>\n\t\t\t\t\t<div class=\"item thirdColor\">\n                                    <a href=\"https:\/\/www.youtube.com\/watch?v=v_WaDTHDV_8\" class=\"full-link\" target=\"_blank\" rel=\"noopener\" aria-label=\"Tandem research cases\"><\/a>\n                \t\t\t\t\n\t\t\t\t<div class=\"content\">\n\t\t\t\t\t\t\t\t\t\t\t<h4 class=\"headline text-left\">Tandem research cases<\/h4>\n\t\t\t\t\t\n\t\t\t\t\t                                            <div class=\"wp-block-buttons\"><div class=\"wp-block-button is-style-arrow text-left\">\n                                                    <a class=\"wp-block-button__link wp-element-button\" href=\"https:\/\/www.youtube.com\/watch?v=v_WaDTHDV_8\" >Watch video<\/a>\n                                                <\/div><\/div>\n                    \t\t\t\t<\/div>\n\t\t\t<\/div>\n\t\t\t\t\t<div class=\"item secondColor\">\n                                    <a href=\"https:\/\/www.lai.fu-berlin.de\/disziplinen\/soziologie\/termine\/09_7_capaz_diskussionsveranstaltung.html\" class=\"full-link\" target=\"_blank\" rel=\"noopener\" aria-label=\"Event: CAPAZ discussion, Berlin\"><\/a>\n                \t\t\t\t\n\t\t\t\t<div class=\"content\">\n\t\t\t\t\t\t\t\t\t\t\t<h4 class=\"headline text-left\">Event: CAPAZ discussion, Berlin<\/h4>\n\t\t\t\t\t\n\t\t\t\t\t                                            <div class=\"wp-block-buttons\"><div class=\"wp-block-button is-style-arrow text-left\">\n                                                    <a class=\"wp-block-button__link wp-element-button\" href=\"https:\/\/www.lai.fu-berlin.de\/disziplinen\/soziologie\/termine\/09_7_capaz_diskussionsveranstaltung.html\" >View event<\/a>\n                                                <\/div><\/div>\n                    \t\t\t\t<\/div>\n\t\t\t<\/div>\n\t\t\t\t\t<div class=\"item fourthColor\">\n                                    <a href=\"https:\/\/derecho.uniandes.edu.co\/eventos-old\/metodologias-de-investigacion-juridica-experiencias-y-desafios-del-oficio-de-investigar-en-derecho\/\" class=\"full-link\" target=\"_blank\" rel=\"noopener\" aria-label=\"Event: Research methodologies in law \u2013 Universidad de los Andes\"><\/a>\n                \t\t\t\t\n\t\t\t\t<div class=\"content\">\n\t\t\t\t\t\t\t\t\t\t\t<h4 class=\"headline text-left\">Event: Research methodologies in law \u2013 Universidad de los Andes<\/h4>\n\t\t\t\t\t\n\t\t\t\t\t                                            <div class=\"wp-block-buttons\"><div class=\"wp-block-button is-style-arrow text-left\">\n                                                    <a class=\"wp-block-button__link wp-element-button\" href=\"https:\/\/derecho.uniandes.edu.co\/eventos-old\/metodologias-de-investigacion-juridica-experiencias-y-desafios-del-oficio-de-investigar-en-derecho\/\" >View event<\/a>\n                                                <\/div><\/div>\n                    \t\t\t\t<\/div>\n\t\t\t<\/div>\n\t\t\t<\/div>\n<\/div>\n\n\n\n\n\n<div style=\"height:30px\" aria-hidden=\"true\" class=\"wp-block-spacer\"><\/div>\n","protected":false},"excerpt":{"rendered":"<p>More about our project<\/p>\n","protected":false},"author":4,"featured_media":0,"parent":2174,"menu_order":33,"comment_status":"closed","ping_status":"closed","template":"","meta":{"_acf_changed":false,"footnotes":""},"class_list":["post-2474","page","type-page","status-publish","hentry"],"acf":[],"yoast_head":"<title>Tandem Group on Transformations of Public Law in Latin America<\/title>\n<meta name=\"description\" content=\"How can legal clinics, social movements, and strategic litigation contribute to transformative constitutionalism?\" \/>\n<meta name=\"robots\" content=\"index, follow, max-snippet:-1, max-image-preview:large, max-video-preview:-1\" \/>\n<link rel=\"canonical\" href=\"https:\/\/iccal.lat\/en\/about-us\/projects\/tandem-group\/\" \/>\n<meta property=\"og:locale\" content=\"en_US\" \/>\n<meta property=\"og:type\" content=\"article\" \/>\n<meta property=\"og:title\" content=\"Tandem Group on Transformations of Public Law in Latin America\" \/>\n<meta property=\"og:description\" content=\"How can legal clinics, social movements, and strategic litigation contribute to transformative constitutionalism?\" \/>\n<meta property=\"og:url\" content=\"https:\/\/iccal.lat\/en\/about-us\/projects\/tandem-group\/\" \/>\n<meta property=\"og:site_name\" content=\"ICCAL\" \/>\n<meta property=\"article:modified_time\" content=\"2025-11-25T13:19:15+00:00\" \/>\n<meta name=\"twitter:card\" content=\"summary_large_image\" \/>\n<meta name=\"twitter:label1\" content=\"Est. reading time\" \/>\n\t<meta name=\"twitter:data1\" content=\"2 minutes\" \/>\n<script type=\"application\/ld+json\" class=\"yoast-schema-graph\">{\"@context\":\"https:\\\/\\\/schema.org\",\"@graph\":[{\"@type\":\"WebPage\",\"@id\":\"https:\\\/\\\/iccal.lat\\\/en\\\/about-us\\\/projects\\\/tandem-group\\\/\",\"url\":\"https:\\\/\\\/iccal.lat\\\/en\\\/about-us\\\/projects\\\/tandem-group\\\/\",\"name\":\"Tandem Group on Transformations of Public Law in Latin America\",\"isPartOf\":{\"@id\":\"https:\\\/\\\/iccal.lat\\\/en\\\/#website\"},\"datePublished\":\"2025-10-01T11:57:57+00:00\",\"dateModified\":\"2025-11-25T13:19:15+00:00\",\"description\":\"How can legal clinics, social movements, and strategic litigation contribute to transformative constitutionalism?\",\"breadcrumb\":{\"@id\":\"https:\\\/\\\/iccal.lat\\\/en\\\/about-us\\\/projects\\\/tandem-group\\\/#breadcrumb\"},\"inLanguage\":\"en-US\",\"potentialAction\":[{\"@type\":\"ReadAction\",\"target\":[\"https:\\\/\\\/iccal.lat\\\/en\\\/about-us\\\/projects\\\/tandem-group\\\/\"]}]},{\"@type\":\"BreadcrumbList\",\"@id\":\"https:\\\/\\\/iccal.lat\\\/en\\\/about-us\\\/projects\\\/tandem-group\\\/#breadcrumb\",\"itemListElement\":[{\"@type\":\"ListItem\",\"position\":1,\"name\":\"Startseite\",\"item\":\"https:\\\/\\\/iccal.lat\\\/en\\\/\"},{\"@type\":\"ListItem\",\"position\":2,\"name\":\"About us\",\"item\":\"https:\\\/\\\/iccal.lat\\\/en\\\/about-us\\\/\"},{\"@type\":\"ListItem\",\"position\":3,\"name\":\"Projects\",\"item\":\"https:\\\/\\\/iccal.lat\\\/en\\\/about-us\\\/projects\\\/\"},{\"@type\":\"ListItem\",\"position\":4,\"name\":\"Tandem Group\"}]},{\"@type\":\"WebSite\",\"@id\":\"https:\\\/\\\/iccal.lat\\\/en\\\/#website\",\"url\":\"https:\\\/\\\/iccal.lat\\\/en\\\/\",\"name\":\"ICCAL\",\"description\":\"Ius Constitutionale Commune en Am\u00e9rica Latina\",\"potentialAction\":[{\"@type\":\"SearchAction\",\"target\":{\"@type\":\"EntryPoint\",\"urlTemplate\":\"https:\\\/\\\/iccal.lat\\\/en\\\/?s={search_term_string}\"},\"query-input\":{\"@type\":\"PropertyValueSpecification\",\"valueRequired\":true,\"valueName\":\"search_term_string\"}}],\"inLanguage\":\"en-US\"}]}<\/script>","yoast_head_json":{"title":"Tandem Group on Transformations of Public Law in Latin America","description":"How can legal clinics, social movements, and strategic litigation contribute to transformative constitutionalism?","robots":{"index":"index","follow":"follow","max-snippet":"max-snippet:-1","max-image-preview":"max-image-preview:large","max-video-preview":"max-video-preview:-1"},"canonical":"https:\/\/iccal.lat\/en\/about-us\/projects\/tandem-group\/","og_locale":"en_US","og_type":"article","og_title":"Tandem Group on Transformations of Public Law in Latin America","og_description":"How can legal clinics, social movements, and strategic litigation contribute to transformative constitutionalism?","og_url":"https:\/\/iccal.lat\/en\/about-us\/projects\/tandem-group\/","og_site_name":"ICCAL","article_modified_time":"2025-11-25T13:19:15+00:00","twitter_card":"summary_large_image","twitter_misc":{"Est. reading time":"2 minutes"},"schema":{"@context":"https:\/\/schema.org","@graph":[{"@type":"WebPage","@id":"https:\/\/iccal.lat\/en\/about-us\/projects\/tandem-group\/","url":"https:\/\/iccal.lat\/en\/about-us\/projects\/tandem-group\/","name":"Tandem Group on Transformations of Public Law in Latin America","isPartOf":{"@id":"https:\/\/iccal.lat\/en\/#website"},"datePublished":"2025-10-01T11:57:57+00:00","dateModified":"2025-11-25T13:19:15+00:00","description":"How can legal clinics, social movements, and strategic litigation contribute to transformative constitutionalism?","breadcrumb":{"@id":"https:\/\/iccal.lat\/en\/about-us\/projects\/tandem-group\/#breadcrumb"},"inLanguage":"en-US","potentialAction":[{"@type":"ReadAction","target":["https:\/\/iccal.lat\/en\/about-us\/projects\/tandem-group\/"]}]},{"@type":"BreadcrumbList","@id":"https:\/\/iccal.lat\/en\/about-us\/projects\/tandem-group\/#breadcrumb","itemListElement":[{"@type":"ListItem","position":1,"name":"Startseite","item":"https:\/\/iccal.lat\/en\/"},{"@type":"ListItem","position":2,"name":"About us","item":"https:\/\/iccal.lat\/en\/about-us\/"},{"@type":"ListItem","position":3,"name":"Projects","item":"https:\/\/iccal.lat\/en\/about-us\/projects\/"},{"@type":"ListItem","position":4,"name":"Tandem Group"}]},{"@type":"WebSite","@id":"https:\/\/iccal.lat\/en\/#website","url":"https:\/\/iccal.lat\/en\/","name":"ICCAL","description":"Ius Constitutionale Commune en Am\u00e9rica Latina","potentialAction":[{"@type":"SearchAction","target":{"@type":"EntryPoint","urlTemplate":"https:\/\/iccal.lat\/en\/?s={search_term_string}"},"query-input":{"@type":"PropertyValueSpecification","valueRequired":true,"valueName":"search_term_string"}}],"inLanguage":"en-US"}]}},"_links":{"self":[{"href":"https:\/\/iccal.lat\/en\/wp-json\/wp\/v2\/pages\/2474","targetHints":{"allow":["GET"]}}],"collection":[{"href":"https:\/\/iccal.lat\/en\/wp-json\/wp\/v2\/pages"}],"about":[{"href":"https:\/\/iccal.lat\/en\/wp-json\/wp\/v2\/types\/page"}],"author":[{"embeddable":true,"href":"https:\/\/iccal.lat\/en\/wp-json\/wp\/v2\/users\/4"}],"replies":[{"embeddable":true,"href":"https:\/\/iccal.lat\/en\/wp-json\/wp\/v2\/comments?post=2474"}],"version-history":[{"count":10,"href":"https:\/\/iccal.lat\/en\/wp-json\/wp\/v2\/pages\/2474\/revisions"}],"predecessor-version":[{"id":3941,"href":"https:\/\/iccal.lat\/en\/wp-json\/wp\/v2\/pages\/2474\/revisions\/3941"}],"up":[{"embeddable":true,"href":"https:\/\/iccal.lat\/en\/wp-json\/wp\/v2\/pages\/2174"}],"wp:attachment":[{"href":"https:\/\/iccal.lat\/en\/wp-json\/wp\/v2\/media?parent=2474"}],"curies":[{"name":"wp","href":"https:\/\/api.w.org\/{rel}","templated":true}]}}