{"id":1204,"date":"2018-11-08T10:57:45","date_gmt":"2018-11-08T09:57:45","guid":{"rendered":"https:\/\/iccal.lat\/?page_id=1204"},"modified":"2025-10-01T14:43:38","modified_gmt":"2025-10-01T12:43:38","slug":"legal-notice","status":"publish","type":"page","link":"https:\/\/iccal.lat\/en\/legal-notice\/","title":{"rendered":"Legal notice"},"content":{"rendered":"\n<h1 class=\"wp-block-heading\">Legal notice<\/h1>\n\n\n\n<p>The following provides mandatory data concerning the provider of this website, obligations with regard to data protection (but see also our&nbsp;<a href=\"https:\/\/iccal.lat\/en\/privacy-policy\">privacy statement<\/a>), as well as other important legal references involving the ICCAL project site of the Max Planck Institute for Comparative Public Law and International Law (<a href=\"https:\/\/iccal.lat\/\">https:\/\/iccal.lat<\/a>) as required by German law.<\/p>\n\n\n\n<h2 class=\"wp-block-heading\">Provider<\/h2>\n\n\n\n<p>The provider of this Internet site within the legal meaning of the term is the registered association Max Planck Society for the Advancement of Science e.V.<\/p>\n\n\n\n<h2 class=\"wp-block-heading\">Address<\/h2>\n\n\n\n<p>Max-Planck-Gesellschaft zur F\u00f6rderung der Wissenschaften e.V.<br>Hofgartenstra\u00dfe 8<br>80539 M\u00fcnchen<br>Tel.: +49 (0) 89 2108 &#8211; 0<br>Internet: www.mpg.de<\/p>\n\n\n\n<h2 class=\"wp-block-heading\">Register of Societies and Associations<\/h2>\n\n\n\n<p>The Max Planck Society is registered in the Official Register of Societies and Associations at Berlin-Charlottenburg Local Court under the register number VR 13378 B.<\/p>\n\n\n\n<h2 class=\"wp-block-heading\">Representatives<\/h2>\n\n\n\n<p>The Max Planck Society is legally represented by its Board of Directors which, in turn, is represented by the President of the Society, Prof. Dr. Patrick Cramer, and by Secretary General, Dr. Simone Schwanitz .<\/p>\n\n\n\n<h2 class=\"wp-block-heading\">Value Added Tax Identification Number<\/h2>\n\n\n\n<p>The value added tax identification number of the Max Planck Society is DE 129517720.<\/p>\n\n\n\n<h2 class=\"wp-block-heading\">Editors<\/h2>\n\n\n\n<p>Responsible editors for the contents of this website with regard to media law:<br>Prof. Dr. Armin von Bogdandy<br>Max Planck Institute for Comparative Public Law and International Law<br>Im Neuenheimer Feld 535<br>69120 Heidelberg<\/p>\n\n\n\n<h2 class=\"wp-block-heading\">Legal Structure<\/h2>\n\n\n\n<p>The Max Planck Society is a non-profit research facility which is organized as a registered association. All of the institutes and facilities of the Max Planck Society are largely autonomous in terms of organization and research, but as a rule have no legal capacity of their own.<\/p>\n\n\n\n<h2 class=\"wp-block-heading\">Liability for Contents of Online Information<\/h2>\n\n\n\n<p>As the provider of contents in accordance with Section 7 Paragraph 1 of the Tele-Media Law, the Max Planck Society shall be responsible for any contents which it makes available for use in accordance with general legal provisions. The Max Planck Society makes every effort to provide timely and accurate information on this Web site. Nevertheless, errors and inaccuracies cannot be completely ruled out. Therefore, the Max Planck Society does not assume any liability for the relevance, accuracy, completeness or quality of the information provided. The Max Planck Society shall not be liable for damage of a tangible or intangible nature caused directly or indirectly through the use or failure to use the information offered and\/or through the use of faulty or incomplete information unless it is verifiably culpable of intent or gross negligence. The same shall apply to any downloadable software available free of charge. The Max Planck Society reserves the right to modify, supplement, or delete any or all of the information offered on its Internet site, or to temporarily or permanently cease publication thereof without prior and separate notification.<\/p>\n\n\n\n<h2 class=\"wp-block-heading\">Links to Websites of Third Parties<\/h2>\n\n\n\n<p>This Website includes links to other external websites. The respective provider shall be responsible for the contents of any linked external pages. In establishing the initial link, the Max Planck Society has reviewed the respective external content in order to determine whether such link entailed possible civil or criminal responsibility. However, a constant review of linked external pages is unreasonable without concrete reason to believe that a violation of the law may be involved. If the Max Planck Society determines such or it is pointed out by others that an external offer to which it is connected via a link entails civil or criminal responsibility, then the Max Planck Society will immediately eliminate any link to this offer. The Max Planck Society expressly dissociates itself from such contents.<\/p>\n\n\n\n<h2 class=\"wp-block-heading\">Copyright<\/h2>\n\n\n\n<p>The layout, graphics employed and any other contents on the homepage of the Max Planck Society Internet site are protected by copyright law, if not indicated otherwise.<\/p>\n\n\n\n<p>\u00a9 Max-Planck-Gesellschaft zur F\u00f6rderung der Wissenschaften e.V., Munich. All rights reserved.<\/p>\n\n\n\n<hr class=\"wp-block-separator has-css-opacity\"\/>\n\n\n\n<h3 class=\"wp-block-heading\">Image credits<\/h3>\n\n\n<ul class=\"image-credits\"><li>Adobe Stock - #873391359 \u00a9  Iryna<\/li><li>Adobe Stock - #1274679083 \u00a9  Rawpixel.com<\/li><li>Adobe Stock - #1204212284 \u00a9  Elena Berd<\/li><li>Adobe Stock - #1091721361 \u00a9  Johannes<\/li><li>Adobe Stock - #1057666519 \u00a9 AnnaStills<\/li><li>Adobe Stock - #1347756839 \u00a9 Rido<\/li><\/ul>\n","protected":false},"excerpt":{"rendered":"<p>Legal notice The following provides mandatory data concerning the provider of this website, obligations with regard to data protection (but see also our&nbsp;privacy statement), as well as other important legal references involving the ICCAL project site of the Max Planck Institute for Comparative Public Law and International Law (https:\/\/iccal.lat) as required by German law. Provider [&hellip;]<\/p>\n","protected":false},"author":4,"featured_media":0,"parent":0,"menu_order":76,"comment_status":"closed","ping_status":"closed","template":"page-noBanner.php","meta":{"_acf_changed":false,"footnotes":""},"class_list":["post-1204","page","type-page","status-publish","hentry"],"acf":[],"yoast_head":"<title>Legal notice | ICCAL<\/title>\n<meta name=\"description\" content=\"Learn more about those responsible for this website, legal information, and contact details. Our legal notice in accordance with legal requirements.\" \/>\n<meta name=\"robots\" content=\"index, follow, max-snippet:-1, max-image-preview:large, max-video-preview:-1\" \/>\n<link rel=\"canonical\" href=\"https:\/\/iccal.lat\/en\/legal-notice\/\" \/>\n<meta property=\"og:locale\" content=\"en_US\" \/>\n<meta property=\"og:type\" content=\"article\" \/>\n<meta property=\"og:title\" content=\"Legal notice | ICCAL\" \/>\n<meta property=\"og:description\" content=\"Learn more about those responsible for this website, legal information, and contact details. Our legal notice in accordance with legal requirements.\" \/>\n<meta property=\"og:url\" content=\"https:\/\/iccal.lat\/en\/legal-notice\/\" \/>\n<meta property=\"og:site_name\" content=\"ICCAL\" \/>\n<meta property=\"article:modified_time\" content=\"2025-10-01T12:43:38+00:00\" \/>\n<meta name=\"twitter:card\" content=\"summary_large_image\" \/>\n<meta name=\"twitter:label1\" content=\"Est. reading time\" \/>\n\t<meta name=\"twitter:data1\" content=\"4 minutes\" \/>\n<script type=\"application\/ld+json\" class=\"yoast-schema-graph\">{\"@context\":\"https:\\\/\\\/schema.org\",\"@graph\":[{\"@type\":\"WebPage\",\"@id\":\"https:\\\/\\\/iccal.lat\\\/en\\\/legal-notice\\\/\",\"url\":\"https:\\\/\\\/iccal.lat\\\/en\\\/legal-notice\\\/\",\"name\":\"Legal notice | ICCAL\",\"isPartOf\":{\"@id\":\"https:\\\/\\\/iccal.lat\\\/en\\\/#website\"},\"datePublished\":\"2018-11-08T09:57:45+00:00\",\"dateModified\":\"2025-10-01T12:43:38+00:00\",\"description\":\"Learn more about those responsible for this website, legal information, and contact details. Our legal notice in accordance with legal requirements.\",\"breadcrumb\":{\"@id\":\"https:\\\/\\\/iccal.lat\\\/en\\\/legal-notice\\\/#breadcrumb\"},\"inLanguage\":\"en-US\",\"potentialAction\":[{\"@type\":\"ReadAction\",\"target\":[\"https:\\\/\\\/iccal.lat\\\/en\\\/legal-notice\\\/\"]}]},{\"@type\":\"BreadcrumbList\",\"@id\":\"https:\\\/\\\/iccal.lat\\\/en\\\/legal-notice\\\/#breadcrumb\",\"itemListElement\":[{\"@type\":\"ListItem\",\"position\":1,\"name\":\"Startseite\",\"item\":\"https:\\\/\\\/iccal.lat\\\/en\\\/\"},{\"@type\":\"ListItem\",\"position\":2,\"name\":\"Legal notice\"}]},{\"@type\":\"WebSite\",\"@id\":\"https:\\\/\\\/iccal.lat\\\/en\\\/#website\",\"url\":\"https:\\\/\\\/iccal.lat\\\/en\\\/\",\"name\":\"ICCAL\",\"description\":\"Ius Constitutionale Commune en Am\u00e9rica Latina\",\"potentialAction\":[{\"@type\":\"SearchAction\",\"target\":{\"@type\":\"EntryPoint\",\"urlTemplate\":\"https:\\\/\\\/iccal.lat\\\/en\\\/?s={search_term_string}\"},\"query-input\":{\"@type\":\"PropertyValueSpecification\",\"valueRequired\":true,\"valueName\":\"search_term_string\"}}],\"inLanguage\":\"en-US\"}]}<\/script>","yoast_head_json":{"title":"Legal notice | ICCAL","description":"Learn more about those responsible for this website, legal information, and contact details. Our legal notice in accordance with legal requirements.","robots":{"index":"index","follow":"follow","max-snippet":"max-snippet:-1","max-image-preview":"max-image-preview:large","max-video-preview":"max-video-preview:-1"},"canonical":"https:\/\/iccal.lat\/en\/legal-notice\/","og_locale":"en_US","og_type":"article","og_title":"Legal notice | ICCAL","og_description":"Learn more about those responsible for this website, legal information, and contact details. Our legal notice in accordance with legal requirements.","og_url":"https:\/\/iccal.lat\/en\/legal-notice\/","og_site_name":"ICCAL","article_modified_time":"2025-10-01T12:43:38+00:00","twitter_card":"summary_large_image","twitter_misc":{"Est. reading time":"4 minutes"},"schema":{"@context":"https:\/\/schema.org","@graph":[{"@type":"WebPage","@id":"https:\/\/iccal.lat\/en\/legal-notice\/","url":"https:\/\/iccal.lat\/en\/legal-notice\/","name":"Legal notice | ICCAL","isPartOf":{"@id":"https:\/\/iccal.lat\/en\/#website"},"datePublished":"2018-11-08T09:57:45+00:00","dateModified":"2025-10-01T12:43:38+00:00","description":"Learn more about those responsible for this website, legal information, and contact details. Our legal notice in accordance with legal requirements.","breadcrumb":{"@id":"https:\/\/iccal.lat\/en\/legal-notice\/#breadcrumb"},"inLanguage":"en-US","potentialAction":[{"@type":"ReadAction","target":["https:\/\/iccal.lat\/en\/legal-notice\/"]}]},{"@type":"BreadcrumbList","@id":"https:\/\/iccal.lat\/en\/legal-notice\/#breadcrumb","itemListElement":[{"@type":"ListItem","position":1,"name":"Startseite","item":"https:\/\/iccal.lat\/en\/"},{"@type":"ListItem","position":2,"name":"Legal notice"}]},{"@type":"WebSite","@id":"https:\/\/iccal.lat\/en\/#website","url":"https:\/\/iccal.lat\/en\/","name":"ICCAL","description":"Ius Constitutionale Commune en Am\u00e9rica Latina","potentialAction":[{"@type":"SearchAction","target":{"@type":"EntryPoint","urlTemplate":"https:\/\/iccal.lat\/en\/?s={search_term_string}"},"query-input":{"@type":"PropertyValueSpecification","valueRequired":true,"valueName":"search_term_string"}}],"inLanguage":"en-US"}]}},"_links":{"self":[{"href":"https:\/\/iccal.lat\/en\/wp-json\/wp\/v2\/pages\/1204","targetHints":{"allow":["GET"]}}],"collection":[{"href":"https:\/\/iccal.lat\/en\/wp-json\/wp\/v2\/pages"}],"about":[{"href":"https:\/\/iccal.lat\/en\/wp-json\/wp\/v2\/types\/page"}],"author":[{"embeddable":true,"href":"https:\/\/iccal.lat\/en\/wp-json\/wp\/v2\/users\/4"}],"replies":[{"embeddable":true,"href":"https:\/\/iccal.lat\/en\/wp-json\/wp\/v2\/comments?post=1204"}],"version-history":[{"count":4,"href":"https:\/\/iccal.lat\/en\/wp-json\/wp\/v2\/pages\/1204\/revisions"}],"predecessor-version":[{"id":2210,"href":"https:\/\/iccal.lat\/en\/wp-json\/wp\/v2\/pages\/1204\/revisions\/2210"}],"wp:attachment":[{"href":"https:\/\/iccal.lat\/en\/wp-json\/wp\/v2\/media?parent=1204"}],"curies":[{"name":"wp","href":"https:\/\/api.w.org\/{rel}","templated":true}]}}